{"id":9,"date":"2023-06-28T18:54:57","date_gmt":"2023-06-28T18:54:57","guid":{"rendered":"https:\/\/www.rivieracancunwedding.com\/es\/?page_id=9"},"modified":"2023-07-06T16:40:11","modified_gmt":"2023-07-06T16:40:11","slug":"riviera-cancun-weddings","status":"publish","type":"page","link":"https:\/\/www.rivieracancunwedding.com\/es\/","title":{"rendered":"Riviera Cancun Weddings"},"content":{"rendered":"<div id=\"pl-9\"  class=\"panel-layout\" ><div id=\"pg-9-0\"  class=\"panel-grid panel-no-style\" ><div id=\"pgc-9-0-0\"  class=\"panel-grid-cell\" ><div id=\"panel-9-0-0-0\" class=\"so-panel widget widget_sow-editor panel-first-child panel-last-child\" data-index=\"0\" ><div\n\t\t\t\n\t\t\tclass=\"so-widget-sow-editor so-widget-sow-editor-base\"\n\t\t\t\n\t\t><h3 class=\"widget-title\">COMIENZA A PLANEAR TU BODA EN LA PLAYA<\/h3>\n<div class=\"siteorigin-widget-tinymce textwidget\">\n\t<p>En<strong> Riviera Cancun Weddings<\/strong> by <strong>Acamaya Weddings<\/strong> te ayudaremos a planear, coordinar y ejecutar uno de los d\u00edas m\u00e1s importantes de tu vida. Tenemos m\u00e1s de 10 a\u00f1os de experiencia creando esos momentos especiales en Canc\u00fan, Puerto Morelos y la Riviera Maya.<\/p>\n<p>En<strong> Riviera Cancun Weddings<\/strong> podr\u00e1s reservar nuestro lugar principal de <strong>bodas frente al mar<\/strong> o reservar <strong>nuestros paquetes de bodas<\/strong> que incluyen todo lo que necesitas para tener tu celebraci\u00f3n en la playa, como: el banquete, mobiliario, decoraci\u00f3n floral, DJ, etc. Tambi\u00e9n podemos ayudarte a cotizar hospedaje y transportaci\u00f3n para ti y tus invitados ya sea que te hospedes en <strong>Canc\u00fan, Puerto Morelos<\/strong> o cualquier otra parte de la <strong>Riviera Maya.<\/strong><\/p>\n<p>En Riviera Canc\u00fan bodas te ayudaremos a imprimir tu estilo en tu celebraci\u00f3n, para que ese momento memorable perdure por siempre.<\/p>\n<p>No esperes m\u00e1s, cont\u00e1ctanos y comienza a so\u00f1ar con tu <strong>boda de destino en la playa<\/strong>. \u00a1<a href=\"https:\/\/docs.google.com\/forms\/d\/e\/1FAIpQLSfLIh1zVxnmk_a85RRH765OP3eH69MGHMbSy1HCDti52RSuSA\/viewform\">CONT\u00c1CTANOS<\/a>!<\/p>\n<\/div>\n<\/div><\/div><\/div><\/div><div id=\"pg-9-1\"  class=\"panel-grid panel-no-style\" ><div id=\"pgc-9-1-0\"  class=\"panel-grid-cell\" ><div id=\"panel-9-1-0-0\" class=\"so-panel widget widget_sow-editor panel-first-child panel-last-child\" data-index=\"1\" ><div\n\t\t\t\n\t\t\tclass=\"so-widget-sow-editor so-widget-sow-editor-base\"\n\t\t\t\n\t\t>\n<div class=\"siteorigin-widget-tinymce textwidget\">\n\t<h2><a href=\"https:\/\/www.rivieracancunwedding.com\/es\/locaciones-para-bodas\/\"><img loading=\"lazy\" decoding=\"async\" class=\"alignnone wp-image-12 size-full\" title=\"Riviera Cancun Weddings Locaciones Para Bodas\" src=\"https:\/\/www.rivieracancunwedding.com\/es\/wp-content\/uploads\/2023\/06\/riviera-cancun-weddings-beach-area-venue.webp\" alt=\"Riviera Cancun Weddings\" width=\"1628\" height=\"1116\" srcset=\"https:\/\/www.rivieracancunwedding.com\/es\/wp-content\/uploads\/2023\/06\/riviera-cancun-weddings-beach-area-venue.webp 1628w, https:\/\/www.rivieracancunwedding.com\/es\/wp-content\/uploads\/2023\/06\/riviera-cancun-weddings-beach-area-venue-300x206.webp 300w, https:\/\/www.rivieracancunwedding.com\/es\/wp-content\/uploads\/2023\/06\/riviera-cancun-weddings-beach-area-venue-1024x702.webp 1024w, https:\/\/www.rivieracancunwedding.com\/es\/wp-content\/uploads\/2023\/06\/riviera-cancun-weddings-beach-area-venue-768x526.webp 768w, https:\/\/www.rivieracancunwedding.com\/es\/wp-content\/uploads\/2023\/06\/riviera-cancun-weddings-beach-area-venue-1536x1053.webp 1536w\" sizes=\"auto, (max-width: 1628px) 100vw, 1628px\" \/><\/a><\/h2>\n<h2 style=\"text-align: center;\"><a href=\"https:\/\/www.rivieracancunwedding.com\/es\/locaciones-para-bodas\/\">LOCACIONES PARA BODAS<\/a><\/h2>\n<p>Tenemos un hermoso lugar para bodas en Puerto Morelos, justo entre Canc\u00fan y Playa del Carmen, en un corredor llamado Riviera Canc\u00fan. Convenientemente a s\u00f3lo 15 minutos del aeropuerto de Canc\u00fan.<\/p>\n<\/div>\n<\/div><\/div><\/div><div id=\"pgc-9-1-1\"  class=\"panel-grid-cell\" ><div id=\"panel-9-1-1-0\" class=\"so-panel widget widget_sow-editor panel-first-child panel-last-child\" data-index=\"2\" ><div\n\t\t\t\n\t\t\tclass=\"so-widget-sow-editor so-widget-sow-editor-base\"\n\t\t\t\n\t\t>\n<div class=\"siteorigin-widget-tinymce textwidget\">\n\t<p><a href=\"https:\/\/www.rivieracancunwedding.com\/es\/paquetes-para-bodas\/\"><img loading=\"lazy\" decoding=\"async\" class=\"aligncenter wp-image-14 size-full\" title=\"Riviera Cancun Weddings Paquetes Para Bodas\" src=\"https:\/\/www.rivieracancunwedding.com\/es\/wp-content\/uploads\/2023\/06\/riviera-cancun-weddings-glasses.webp\" alt=\"Riviera Cancun Weddings\" width=\"1360\" height=\"907\" srcset=\"https:\/\/www.rivieracancunwedding.com\/es\/wp-content\/uploads\/2023\/06\/riviera-cancun-weddings-glasses.webp 1360w, https:\/\/www.rivieracancunwedding.com\/es\/wp-content\/uploads\/2023\/06\/riviera-cancun-weddings-glasses-300x200.webp 300w, https:\/\/www.rivieracancunwedding.com\/es\/wp-content\/uploads\/2023\/06\/riviera-cancun-weddings-glasses-1024x683.webp 1024w, https:\/\/www.rivieracancunwedding.com\/es\/wp-content\/uploads\/2023\/06\/riviera-cancun-weddings-glasses-768x512.webp 768w, https:\/\/www.rivieracancunwedding.com\/es\/wp-content\/uploads\/2023\/06\/riviera-cancun-weddings-glasses-272x182.webp 272w\" sizes=\"auto, (max-width: 1360px) 100vw, 1360px\" \/><\/a><\/p>\n<h2 style=\"text-align: center;\"><a href=\"https:\/\/www.rivieracancunwedding.com\/es\/paquetes-para-bodas\/\">PAQUETES PARA BODAS<\/a><\/h2>\n<p>Nuestros paquetes de boda en Canc\u00fan tienen todo lo necesario para llevar a cabo tu evento, sin embargo te invitamos a contactarnos y ver opciones de personalizaci\u00f3n. \u00a1El cielo es el l\u00edmite!<\/p>\n<\/div>\n<\/div><\/div><\/div><div id=\"pgc-9-1-2\"  class=\"panel-grid-cell\" ><div id=\"panel-9-1-2-0\" class=\"so-panel widget widget_sow-editor panel-first-child panel-last-child\" data-index=\"3\" ><div\n\t\t\t\n\t\t\tclass=\"so-widget-sow-editor so-widget-sow-editor-base\"\n\t\t\t\n\t\t>\n<div class=\"siteorigin-widget-tinymce textwidget\">\n\t<p><a href=\"https:\/\/www.rivieracancunwedding.com\/es\/galeria-de-bodas\/\"><img loading=\"lazy\" decoding=\"async\" class=\"alignnone wp-image-15 size-full\" title=\"Galeria de bodas Riviera Cancun Weddings\" src=\"https:\/\/www.rivieracancunwedding.com\/es\/wp-content\/uploads\/2023\/06\/riviera-cancun-weddings-party.webp\" alt=\"Riviera Cancun Weddings\" width=\"2000\" height=\"1333\" srcset=\"https:\/\/www.rivieracancunwedding.com\/es\/wp-content\/uploads\/2023\/06\/riviera-cancun-weddings-party.webp 2000w, https:\/\/www.rivieracancunwedding.com\/es\/wp-content\/uploads\/2023\/06\/riviera-cancun-weddings-party-300x200.webp 300w, https:\/\/www.rivieracancunwedding.com\/es\/wp-content\/uploads\/2023\/06\/riviera-cancun-weddings-party-1024x682.webp 1024w, https:\/\/www.rivieracancunwedding.com\/es\/wp-content\/uploads\/2023\/06\/riviera-cancun-weddings-party-768x512.webp 768w, https:\/\/www.rivieracancunwedding.com\/es\/wp-content\/uploads\/2023\/06\/riviera-cancun-weddings-party-1536x1024.webp 1536w, https:\/\/www.rivieracancunwedding.com\/es\/wp-content\/uploads\/2023\/06\/riviera-cancun-weddings-party-272x182.webp 272w\" sizes=\"auto, (max-width: 2000px) 100vw, 2000px\" \/><\/a><\/p>\n<h2 style=\"text-align: center;\"><a href=\"https:\/\/www.rivieracancunwedding.com\/es\/galeria-de-bodas\/\">GALER\u00cdA DE BODAS<\/a><\/h2>\n<p>Nos especializamos en ofrecer las mejores bodas en la playa de Cancun Cancun, Puerto Morelos y la Riviera Maya. \u00a1Visita nuestra galer\u00eda de bodas y conoce nuestro trabajo!<\/p>\n<\/div>\n<\/div><\/div><\/div><\/div><div id=\"pg-9-2\"  class=\"panel-grid panel-no-style\" ><div id=\"pgc-9-2-0\"  class=\"panel-grid-cell\" ><div id=\"panel-9-2-0-0\" class=\"so-panel widget widget_sow-editor panel-first-child panel-last-child\" data-index=\"4\" ><div\n\t\t\t\n\t\t\tclass=\"so-widget-sow-editor so-widget-sow-editor-base\"\n\t\t\t\n\t\t>\n<div class=\"siteorigin-widget-tinymce textwidget\">\n\t<h2 style=\"text-align: center;\"><a href=\"https:\/\/www.rivieracancunwedding.com\/es\/bodas-en-cancun\/\">BODAS EN CANCUN<\/a><\/h2>\n<\/div>\n<\/div><\/div><\/div><\/div><div id=\"pg-9-3\"  class=\"panel-grid panel-no-style\" ><div id=\"pgc-9-3-0\"  class=\"panel-grid-cell\" ><div id=\"panel-9-3-0-0\" class=\"so-panel widget widget_sow-editor panel-first-child panel-last-child\" data-index=\"5\" ><div\n\t\t\t\n\t\t\tclass=\"so-widget-sow-editor so-widget-sow-editor-base\"\n\t\t\t\n\t\t>\n<div class=\"siteorigin-widget-tinymce textwidget\">\n\t<p><a href=\"https:\/\/www.rivieracancunwedding.com\/es\/bodas-en-cancun\/\"><img loading=\"lazy\" decoding=\"async\" class=\"alignnone wp-image-13 size-full\" title=\"Riviera Cancun Weddings\" src=\"https:\/\/www.rivieracancunwedding.com\/es\/wp-content\/uploads\/2023\/06\/riviera-cancun-weddings-destination-wedding.webp\" alt=\"Riviera Cancun Weddings\" width=\"1900\" height=\"1266\" srcset=\"https:\/\/www.rivieracancunwedding.com\/es\/wp-content\/uploads\/2023\/06\/riviera-cancun-weddings-destination-wedding.webp 1900w, https:\/\/www.rivieracancunwedding.com\/es\/wp-content\/uploads\/2023\/06\/riviera-cancun-weddings-destination-wedding-300x200.webp 300w, https:\/\/www.rivieracancunwedding.com\/es\/wp-content\/uploads\/2023\/06\/riviera-cancun-weddings-destination-wedding-1024x682.webp 1024w, https:\/\/www.rivieracancunwedding.com\/es\/wp-content\/uploads\/2023\/06\/riviera-cancun-weddings-destination-wedding-768x512.webp 768w, https:\/\/www.rivieracancunwedding.com\/es\/wp-content\/uploads\/2023\/06\/riviera-cancun-weddings-destination-wedding-1536x1023.webp 1536w, https:\/\/www.rivieracancunwedding.com\/es\/wp-content\/uploads\/2023\/06\/riviera-cancun-weddings-destination-wedding-272x182.webp 272w\" sizes=\"auto, (max-width: 1900px) 100vw, 1900px\" \/><\/a><\/p>\n<\/div>\n<\/div><\/div><\/div><div id=\"pgc-9-3-1\"  class=\"panel-grid-cell\" ><div id=\"panel-9-3-1-0\" class=\"so-panel widget widget_sow-editor panel-first-child panel-last-child\" data-index=\"6\" ><div\n\t\t\t\n\t\t\tclass=\"so-widget-sow-editor so-widget-sow-editor-base\"\n\t\t\t\n\t\t>\n<div class=\"siteorigin-widget-tinymce textwidget\">\n\t<p>Sin duda, Canc\u00fan es uno de los destinos favoritos para celebrar bodas en el mundo. Cuenta con hermosas vistas del Mar Caribe azul turquesa y playas blancas tan finas y suaves al tacto, que le dan un escenario perfecto para uno de los d\u00edas m\u00e1s importantes: Tu <strong>Boda en Cancun.<\/strong><\/p>\n<p>Definitivamente las <strong>Bodas en Canc\u00fan<\/strong> son incre\u00edbles y lo m\u00e1ximo. Pero Canc\u00fan no es el \u00fanico Para\u00edso en el Caribe.<\/p>\n<p>Tal vez hayas escuchado de algunos lugares como Tulum, Playa del Carmen, Puerto Morelos... entre otros, que forman parte de la maravillosa Riviera Maya, una costa que se extiende de norte a sur del estado de Quintana Roo y que tienen escenarios perfectos para una boda en el caribe. Las bodas en la Riviera Maya tienen lugares espectaculares tanto en la selva como en la playa, por ejemplo cenotes, calas o simplemente bajo los \u00e1rboles de la selva maya.<\/p>\n<p>Las bodas en Canc\u00fan que se celebran a lo largo del a\u00f1o son de todo tipo; desde bodas hind\u00faes hasta<strong> bodas mayas,<\/strong> muy solicitadas en la zona.<\/p>\n<p>Tenga en cuenta que quienes forman parte de <strong>Riviera Cancun Weddings<\/strong> tienen a\u00f1os de experiencia realizando <strong>bodas en Canc\u00fan<\/strong> y la Riviera Maya, por lo que puede estar seguro de que tendr\u00e1 un d\u00eda muy especial.<\/p>\n<\/div>\n<\/div><\/div><\/div><\/div><div id=\"pg-9-4\"  class=\"panel-grid panel-no-style\" ><div id=\"pgc-9-4-0\"  class=\"panel-grid-cell\" ><div id=\"panel-9-4-0-0\" class=\"so-panel widget widget_sow-editor panel-first-child panel-last-child\" data-index=\"7\" ><div\n\t\t\t\n\t\t\tclass=\"so-widget-sow-editor so-widget-sow-editor-base\"\n\t\t\t\n\t\t>\n<div class=\"siteorigin-widget-tinymce textwidget\">\n\t<h2 style=\"text-align: center;\"><a href=\"https:\/\/www.rivieracancunwedding.com\/es\/bodas-de-destino-en-cancun\/\">BODAS DE DESTINO EN CANC\u00daN<\/a><\/h2>\n<p>Como dijimos anteriormente, Cancun es un lugar predilecto entre quienes se preparan para su dia especial, es un gran Destino de Bodas amog en todo el mundo.<\/p>\n<p>Cancun Destino de Boda. Una boda de destino es una boda que tiene lugar en un lugar lejos de la ciudad natal de la pareja o el pa\u00eds. en Cancuns caso, ser\u00eda una gran boda de destino para aquellos que aman la playa y el oc\u00e9ano, tambi\u00e9n, tener varias opciones como Canc\u00fan, Puerto Morelos, Playa del Carmen, Tulum y toda la Riviera Maya.<\/p>\n<\/div>\n<\/div><\/div><\/div><div id=\"pgc-9-4-1\"  class=\"panel-grid-cell\" ><div id=\"panel-9-4-1-0\" class=\"so-panel widget widget_sow-editor panel-first-child panel-last-child\" data-index=\"8\" ><div\n\t\t\t\n\t\t\tclass=\"so-widget-sow-editor so-widget-sow-editor-base\"\n\t\t\t\n\t\t>\n<div class=\"siteorigin-widget-tinymce textwidget\">\n\t<p><a href=\"https:\/\/www.rivieracancunwedding.com\/es\/bodas-de-destino-en-cancun\/\"><img loading=\"lazy\" decoding=\"async\" class=\"alignnone wp-image-16 size-full\" title=\"Riviera Maya Weddings\" src=\"https:\/\/www.rivieracancunwedding.com\/es\/wp-content\/uploads\/2023\/06\/Weddings-at-the-beach-2048x1366-1.webp\" alt=\"Riviera Maya Weddings\" width=\"2048\" height=\"1366\" srcset=\"https:\/\/www.rivieracancunwedding.com\/es\/wp-content\/uploads\/2023\/06\/Weddings-at-the-beach-2048x1366-1.webp 2048w, https:\/\/www.rivieracancunwedding.com\/es\/wp-content\/uploads\/2023\/06\/Weddings-at-the-beach-2048x1366-1-300x200.webp 300w, https:\/\/www.rivieracancunwedding.com\/es\/wp-content\/uploads\/2023\/06\/Weddings-at-the-beach-2048x1366-1-1024x683.webp 1024w, https:\/\/www.rivieracancunwedding.com\/es\/wp-content\/uploads\/2023\/06\/Weddings-at-the-beach-2048x1366-1-768x512.webp 768w, https:\/\/www.rivieracancunwedding.com\/es\/wp-content\/uploads\/2023\/06\/Weddings-at-the-beach-2048x1366-1-1536x1025.webp 1536w, https:\/\/www.rivieracancunwedding.com\/es\/wp-content\/uploads\/2023\/06\/Weddings-at-the-beach-2048x1366-1-272x182.webp 272w\" sizes=\"auto, (max-width: 2048px) 100vw, 2048px\" \/><\/a><\/p>\n<\/div>\n<\/div><\/div><\/div><\/div><div id=\"pg-9-5\"  class=\"panel-grid panel-no-style\" ><div id=\"pgc-9-5-0\"  class=\"panel-grid-cell\" ><div id=\"panel-9-5-0-0\" class=\"so-panel widget widget_sow-editor panel-first-child panel-last-child\" data-index=\"9\" ><div\n\t\t\t\n\t\t\tclass=\"so-widget-sow-editor so-widget-sow-editor-base\"\n\t\t\t\n\t\t>\n<div class=\"siteorigin-widget-tinymce textwidget\">\n\t<p><iframe loading=\"lazy\" style=\"border: 0;\" src=\"https:\/\/www.google.com\/maps\/embed?pb=!1m14!1m8!1m3!1d14911.92637817548!2d-86.8665515!3d20.8727921!3m2!1i1024!2i768!4f13.1!3m3!1m2!1s0x8f4e8982502322b3%3A0xa09712fb8d82957!2sRiviera%20Cancun%20Weddings!5e0!3m2!1ses-419!2smx!4v1687193399645!5m2!1ses-419!2smx\" width=\"100%\" height=\"450\" allowfullscreen=\"allowfullscreen\"><\/iframe><\/p>\n<\/div>\n<\/div><\/div><\/div><\/div><div id=\"pg-9-6\"  class=\"panel-grid panel-no-style\" ><div id=\"pgc-9-6-0\"  class=\"panel-grid-cell\" >\n\t\t<div id=\"panel-9-6-0-0\" class=\"so-panel widget widget_recent-posts widget_recent_entries panel-first-child panel-last-child\" data-index=\"10\" >\n\t\t<h3 class=\"widget-title\">\u00daltimas entradas del blog<\/h3>\n\t\t<ul>\n\t\t\t\t\t\t\t\t\t\t\t<li>\n\t\t\t\t\t<a href=\"https:\/\/www.rivieracancunwedding.com\/es\/hola-mundo\/\">\u00a1Hola mundo!<\/a>\n\t\t\t\t\t\t\t\t\t<\/li>\n\t\t\t\t\t<\/ul>\n\n\t\t<\/div><\/div><div id=\"pgc-9-6-1\"  class=\"panel-grid-cell\" ><div id=\"panel-9-6-1-0\" class=\"so-panel widget widget_sow-editor panel-first-child panel-last-child\" data-index=\"11\" ><div\n\t\t\t\n\t\t\tclass=\"so-widget-sow-editor so-widget-sow-editor-base\"\n\t\t\t\n\t\t>\n<div class=\"siteorigin-widget-tinymce textwidget\">\n\t<p><img loading=\"lazy\" decoding=\"async\" class=\"size-full wp-image-11 aligncenter\" src=\"https:\/\/www.rivieracancunwedding.com\/es\/wp-content\/uploads\/2023\/06\/gazebo.webp\" alt=\"\" width=\"1000\" height=\"667\" srcset=\"https:\/\/www.rivieracancunwedding.com\/es\/wp-content\/uploads\/2023\/06\/gazebo.webp 1000w, https:\/\/www.rivieracancunwedding.com\/es\/wp-content\/uploads\/2023\/06\/gazebo-300x200.webp 300w, https:\/\/www.rivieracancunwedding.com\/es\/wp-content\/uploads\/2023\/06\/gazebo-768x512.webp 768w, https:\/\/www.rivieracancunwedding.com\/es\/wp-content\/uploads\/2023\/06\/gazebo-272x182.webp 272w\" sizes=\"auto, (max-width: 1000px) 100vw, 1000px\" \/><\/p>\n<h2 style=\"text-align: center;\">Blog Riviera Cancun Weddings<\/h2>\n<\/div>\n<\/div><\/div><\/div><\/div><\/div>","protected":false},"excerpt":{"rendered":"<p>En Riviera Cancun Weddings by Acamaya Weddings te ayudaremos a planear, coordinar y ejecutar uno de los d\u00edas m\u00e1s importantes de tu vida. Tenemos m\u00e1s de 10 a\u00f1os de experiencia creando esos momentos especiales en Canc\u00fan, Puerto Morelos y la &hellip; <a href=\"https:\/\/www.rivieracancunwedding.com\/es\/\">Continued<\/a><\/p>\n","protected":false},"author":1,"featured_media":17,"parent":0,"menu_order":0,"comment_status":"closed","ping_status":"closed","template":"","meta":{"footnotes":""},"class_list":["post-9","page","type-page","status-publish","has-post-thumbnail","hentry"],"yoast_head":"<!-- This site is optimized with the Yoast SEO plugin v20.13 - https:\/\/yoast.com\/wordpress\/plugins\/seo\/ -->\n<title>Riviera Canc\u00fan Weddings | Bodas en Canc\u00fan en la playa<\/title>\n<meta name=\"description\" content=\"Riviera Cancun Weddings. El mejor lugar para Bodas en Canc\u00fan. Disfruta de una perfecta Boda Destino Canc\u00fan en la playa. Te ayudamos a planear tu d\u00eda especial.\" \/>\n<meta name=\"robots\" content=\"index, follow, max-snippet:-1, max-image-preview:large, max-video-preview:-1\" \/>\n<link rel=\"canonical\" href=\"https:\/\/www.rivieracancunwedding.com\/es\/\" \/>\n<meta property=\"og:locale\" content=\"es_MX\" \/>\n<meta property=\"og:type\" content=\"article\" \/>\n<meta property=\"og:title\" content=\"Riviera Canc\u00fan Weddings | Bodas en Canc\u00fan en la playa\" \/>\n<meta property=\"og:description\" content=\"Riviera Cancun Weddings. El mejor lugar para Bodas en Canc\u00fan. Disfruta de una perfecta Boda Destino Canc\u00fan en la playa. Te ayudamos a planear tu d\u00eda especial.\" \/>\n<meta property=\"og:url\" content=\"https:\/\/www.rivieracancunwedding.com\/es\/\" \/>\n<meta property=\"og:site_name\" content=\"Riviera Cancun Weddings\" \/>\n<meta property=\"article:modified_time\" content=\"2023-07-06T16:40:11+00:00\" \/>\n<meta property=\"og:image\" content=\"https:\/\/www.rivieracancunwedding.com\/es\/wp-content\/uploads\/2023\/06\/cancun-boda-playa-1-365x365-1.jpg\" \/>\n\t<meta property=\"og:image:width\" content=\"365\" \/>\n\t<meta property=\"og:image:height\" content=\"365\" \/>\n\t<meta property=\"og:image:type\" content=\"image\/jpeg\" \/>\n<meta name=\"twitter:card\" content=\"summary_large_image\" \/>\n<meta name=\"twitter:label1\" content=\"Tiempo de lectura\" \/>\n\t<meta name=\"twitter:data1\" content=\"4 minutos\" \/>\n<script type=\"application\/ld+json\" class=\"yoast-schema-graph\">{\"@context\":\"https:\/\/schema.org\",\"@graph\":[{\"@type\":\"WebPage\",\"@id\":\"https:\/\/www.rivieracancunwedding.com\/es\/\",\"url\":\"https:\/\/www.rivieracancunwedding.com\/es\/\",\"name\":\"Riviera Canc\u00fan Weddings | Bodas en Canc\u00fan en la playa\",\"isPartOf\":{\"@id\":\"https:\/\/www.rivieracancunwedding.com\/es\/#website\"},\"datePublished\":\"2023-06-28T18:54:57+00:00\",\"dateModified\":\"2023-07-06T16:40:11+00:00\",\"description\":\"Riviera Cancun Weddings. El mejor lugar para Bodas en Canc\u00fan. Disfruta de una perfecta Boda Destino Canc\u00fan en la playa. Te ayudamos a planear tu d\u00eda especial.\",\"breadcrumb\":{\"@id\":\"https:\/\/www.rivieracancunwedding.com\/es\/#breadcrumb\"},\"inLanguage\":\"es\",\"potentialAction\":[{\"@type\":\"ReadAction\",\"target\":[\"https:\/\/www.rivieracancunwedding.com\/es\/\"]}]},{\"@type\":\"BreadcrumbList\",\"@id\":\"https:\/\/www.rivieracancunwedding.com\/es\/#breadcrumb\",\"itemListElement\":[{\"@type\":\"ListItem\",\"position\":1,\"name\":\"Riviera Cancun Weddings\",\"item\":\"https:\/\/www.rivieracancunwedding.com\/es\/\"},{\"@type\":\"ListItem\",\"position\":2,\"name\":\"Riviera Cancun Weddings\"}]},{\"@type\":\"WebSite\",\"@id\":\"https:\/\/www.rivieracancunwedding.com\/es\/#website\",\"url\":\"https:\/\/www.rivieracancunwedding.com\/es\/\",\"name\":\"Riviera Cancun Weddings\",\"description\":\"Bodas en la playa\",\"potentialAction\":[{\"@type\":\"SearchAction\",\"target\":{\"@type\":\"EntryPoint\",\"urlTemplate\":\"https:\/\/www.rivieracancunwedding.com\/es\/?s={search_term_string}\"},\"query-input\":\"required name=search_term_string\"}],\"inLanguage\":\"es\"}]}<\/script>\n<!-- \/ Yoast SEO plugin. -->","yoast_head_json":{"title":"Riviera Canc\u00fan Weddings | Bodas en Canc\u00fan en la playa","description":"Riviera Cancun Weddings. El mejor lugar para Bodas en Canc\u00fan. Disfruta de una perfecta Boda Destino Canc\u00fan en la playa. Te ayudamos a planear tu d\u00eda especial.","robots":{"index":"index","follow":"follow","max-snippet":"max-snippet:-1","max-image-preview":"max-image-preview:large","max-video-preview":"max-video-preview:-1"},"canonical":"https:\/\/www.rivieracancunwedding.com\/es\/","og_locale":"es_MX","og_type":"article","og_title":"Riviera Canc\u00fan Weddings | Bodas en Canc\u00fan en la playa","og_description":"Riviera Cancun Weddings. El mejor lugar para Bodas en Canc\u00fan. Disfruta de una perfecta Boda Destino Canc\u00fan en la playa. Te ayudamos a planear tu d\u00eda especial.","og_url":"https:\/\/www.rivieracancunwedding.com\/es\/","og_site_name":"Riviera Cancun Weddings","article_modified_time":"2023-07-06T16:40:11+00:00","og_image":[{"width":365,"height":365,"url":"https:\/\/www.rivieracancunwedding.com\/es\/wp-content\/uploads\/2023\/06\/cancun-boda-playa-1-365x365-1.jpg","type":"image\/jpeg"}],"twitter_card":"summary_large_image","twitter_misc":{"Tiempo de lectura":"4 minutos"},"schema":{"@context":"https:\/\/schema.org","@graph":[{"@type":"WebPage","@id":"https:\/\/www.rivieracancunwedding.com\/es\/","url":"https:\/\/www.rivieracancunwedding.com\/es\/","name":"Riviera Canc\u00fan Weddings | Bodas en Canc\u00fan en la playa","isPartOf":{"@id":"https:\/\/www.rivieracancunwedding.com\/es\/#website"},"datePublished":"2023-06-28T18:54:57+00:00","dateModified":"2023-07-06T16:40:11+00:00","description":"Riviera Cancun Weddings. El mejor lugar para Bodas en Canc\u00fan. Disfruta de una perfecta Boda Destino Canc\u00fan en la playa. Te ayudamos a planear tu d\u00eda especial.","breadcrumb":{"@id":"https:\/\/www.rivieracancunwedding.com\/es\/#breadcrumb"},"inLanguage":"es","potentialAction":[{"@type":"ReadAction","target":["https:\/\/www.rivieracancunwedding.com\/es\/"]}]},{"@type":"BreadcrumbList","@id":"https:\/\/www.rivieracancunwedding.com\/es\/#breadcrumb","itemListElement":[{"@type":"ListItem","position":1,"name":"Riviera Cancun Weddings","item":"https:\/\/www.rivieracancunwedding.com\/es\/"},{"@type":"ListItem","position":2,"name":"Riviera Cancun Weddings"}]},{"@type":"WebSite","@id":"https:\/\/www.rivieracancunwedding.com\/es\/#website","url":"https:\/\/www.rivieracancunwedding.com\/es\/","name":"Riviera Cancun Weddings","description":"Bodas en la playa","potentialAction":[{"@type":"SearchAction","target":{"@type":"EntryPoint","urlTemplate":"https:\/\/www.rivieracancunwedding.com\/es\/?s={search_term_string}"},"query-input":"required name=search_term_string"}],"inLanguage":"es"}]}},"_links":{"self":[{"href":"https:\/\/www.rivieracancunwedding.com\/es\/wp-json\/wp\/v2\/pages\/9","targetHints":{"allow":["GET"]}}],"collection":[{"href":"https:\/\/www.rivieracancunwedding.com\/es\/wp-json\/wp\/v2\/pages"}],"about":[{"href":"https:\/\/www.rivieracancunwedding.com\/es\/wp-json\/wp\/v2\/types\/page"}],"author":[{"embeddable":true,"href":"https:\/\/www.rivieracancunwedding.com\/es\/wp-json\/wp\/v2\/users\/1"}],"replies":[{"embeddable":true,"href":"https:\/\/www.rivieracancunwedding.com\/es\/wp-json\/wp\/v2\/comments?post=9"}],"version-history":[{"count":27,"href":"https:\/\/www.rivieracancunwedding.com\/es\/wp-json\/wp\/v2\/pages\/9\/revisions"}],"predecessor-version":[{"id":137,"href":"https:\/\/www.rivieracancunwedding.com\/es\/wp-json\/wp\/v2\/pages\/9\/revisions\/137"}],"wp:featuredmedia":[{"embeddable":true,"href":"https:\/\/www.rivieracancunwedding.com\/es\/wp-json\/wp\/v2\/media\/17"}],"wp:attachment":[{"href":"https:\/\/www.rivieracancunwedding.com\/es\/wp-json\/wp\/v2\/media?parent=9"}],"curies":[{"name":"wp","href":"https:\/\/api.w.org\/{rel}","templated":true}]}}