{"id":43,"date":"2023-06-29T20:40:25","date_gmt":"2023-06-29T20:40:25","guid":{"rendered":"https:\/\/www.rivieracancunwedding.com\/es\/?page_id=43"},"modified":"2023-06-30T21:21:22","modified_gmt":"2023-06-30T21:21:22","slug":"paquetes-para-bodas","status":"publish","type":"page","link":"https:\/\/www.rivieracancunwedding.com\/es\/paquetes-para-bodas\/","title":{"rendered":"PAQUETES PARA BODAS"},"content":{"rendered":"<p><span style=\"font-weight: 400;\">En<strong> Riviera Cancun Weddings<\/strong> de<strong>\u00a0Acamaya<\/strong>, tenemos paquetes para bodas que te ayudar\u00e1n a realizar tu evento f\u00e1cilmente y sin estr\u00e9s, solo tienes que dedicarte en disfrutar uno de los mejores d\u00edas de tu vida.<\/span><\/p>\n<p><img loading=\"lazy\" decoding=\"async\" class=\"aligncenter wp-image-44 size-full\" title=\"Riviera Cancun Weddings \" src=\"https:\/\/www.rivieracancunwedding.com\/es\/wp-content\/uploads\/2023\/06\/riviera-cancun-weddings.jpg\" alt=\"Riviera Cancun Weddings \" width=\"1024\" height=\"565\" srcset=\"https:\/\/www.rivieracancunwedding.com\/es\/wp-content\/uploads\/2023\/06\/riviera-cancun-weddings.jpg 1024w, https:\/\/www.rivieracancunwedding.com\/es\/wp-content\/uploads\/2023\/06\/riviera-cancun-weddings-300x166.jpg 300w, https:\/\/www.rivieracancunwedding.com\/es\/wp-content\/uploads\/2023\/06\/riviera-cancun-weddings-768x424.jpg 768w\" sizes=\"auto, (max-width: 1024px) 100vw, 1024px\" \/><b><\/b><\/p>\n<h2><b>El paquete Riviera Cancun Weddings incluye:<\/b><span style=\"font-weight: 400;\"> \u00a0<\/span><\/h2>\n<ul>\n<li style=\"font-weight: 400;\" aria-level=\"1\"><span style=\"font-weight: 400;\">Locaci\u00f3n por 6 horas para tu evento.<\/span><\/li>\n<li style=\"font-weight: 400;\" aria-level=\"1\"><span style=\"font-weight: 400;\">Muebles con mesas redondas o rectangulares para cada 10 invitados.<\/span><\/li>\n<li style=\"font-weight: 400;\" aria-level=\"1\"><span style=\"font-weight: 400;\">Sillas tiffany blancas o de madera estilo cruz.<\/span><\/li>\n<li style=\"font-weight: 400;\" aria-level=\"1\"><span style=\"font-weight: 400;\">Cristaler\u00eda, cuberter\u00eda, vajilla y servilletas de tela.<\/span><\/li>\n<li style=\"font-weight: 400;\" aria-level=\"1\"><span style=\"font-weight: 400;\">Decoraci\u00f3n floral: arco de gazebo con 3 postres, ramo de novia, boutonniere del novio, mesa de ceremonia civil con arreglo floral, sendero de tapete, 6 corsage para sillas, 1 centro de mesa para las mesas de los invitados.<\/span><\/li>\n<li style=\"font-weight: 400;\" aria-level=\"1\"><span style=\"font-weight: 400;\">Barra libre nacional, hielo y mezcladores de bebidas.<\/span><\/li>\n<li style=\"font-weight: 400;\" aria-level=\"1\"><span style=\"font-weight: 400;\">Men\u00fa de 2 o 3 platillos.<\/span><\/li>\n<li style=\"font-weight: 400;\" aria-level=\"1\"><span style=\"font-weight: 400;\">Capitan de meseros, 1 meseros para 10 invitados.<\/span><\/li>\n<li style=\"font-weight: 400;\" aria-level=\"1\"><span style=\"font-weight: 400;\">Bar, Bartender y asistente de bar.<\/span><\/li>\n<li style=\"font-weight: 400;\" aria-level=\"1\"><span style=\"font-weight: 400;\">Dj e iluminaci\u00f3n.<\/span><\/li>\n<li style=\"font-weight: 400;\" aria-level=\"1\"><span style=\"font-weight: 400;\">Servicio de planeaci\u00f3n y coordinaci\u00f3n para bodas.<\/span><\/li>\n<\/ul>\n<p>&nbsp;<\/p>\n<p><strong>Precios desde $132 usd por persona<\/strong><\/p>\n<p><span style=\"font-weight: 400;\">*Decoraci\u00f3n floral, arreglos florales de temporada y nacionales.<\/span><\/p>\n<p><span style=\"font-weight: 400;\">*El costo de nuestros paquetes var\u00eda dependiendo del n\u00famero de invitados. Nuestra locaci\u00f3n tiene capacidad desde bodas \u00edntimas con 20 invitados hasta fiestas de 150 invitados. <strong>*Precios libres de impuesto*<\/strong><\/span><\/p>\n<p><img loading=\"lazy\" decoding=\"async\" class=\"aligncenter wp-image-46 size-full\" title=\"Bodas de fuga Canc\u00fan.\" src=\"https:\/\/www.rivieracancunwedding.com\/es\/wp-content\/uploads\/2023\/06\/bodas-riviera-cancun-weddings.jpg\" alt=\"Bodas de fuga Canc\u00fan.\" width=\"1024\" height=\"682\" srcset=\"https:\/\/www.rivieracancunwedding.com\/es\/wp-content\/uploads\/2023\/06\/bodas-riviera-cancun-weddings.jpg 1024w, https:\/\/www.rivieracancunwedding.com\/es\/wp-content\/uploads\/2023\/06\/bodas-riviera-cancun-weddings-300x200.jpg 300w, https:\/\/www.rivieracancunwedding.com\/es\/wp-content\/uploads\/2023\/06\/bodas-riviera-cancun-weddings-768x512.jpg 768w, https:\/\/www.rivieracancunwedding.com\/es\/wp-content\/uploads\/2023\/06\/bodas-riviera-cancun-weddings-272x182.jpg 272w\" sizes=\"auto, (max-width: 1024px) 100vw, 1024px\" \/><\/p>\n<h3><b>Paquete para Bodas de Destino<\/b><\/h3>\n<ul>\n<li style=\"font-weight: 400;\" aria-level=\"1\"><span style=\"font-weight: 400;\">Uso privado de la locaci\u00f3n en <\/span><b>Acamaya <\/b><span style=\"font-weight: 400;\">por 3 horas.<\/span><\/li>\n<li style=\"font-weight: 400;\" aria-level=\"1\"><span style=\"font-weight: 400;\">Maestro de ceremonias.<\/span><\/li>\n<li style=\"font-weight: 400;\" aria-level=\"1\"><span style=\"font-weight: 400;\">Ceremonia tradicional oficial.<\/span><\/li>\n<li style=\"font-weight: 400;\" aria-level=\"1\"><span style=\"font-weight: 400;\">Vino espumoso para el brindis + una botella de agua por persona.<\/span><\/li>\n<li style=\"font-weight: 400;\" aria-level=\"1\"><span style=\"font-weight: 400;\">Decoraci\u00f3n floral: Arco de gazebo con 3 postes y 1 arreglo floral, ramo de novia, boutonniere del novio, mesa de ceremonia con arreglo floral, camino de tapete y corsages para las sillas.<\/span><\/li>\n<li style=\"font-weight: 400;\" aria-level=\"1\"><span style=\"font-weight: 400;\">Organizaci\u00f3n y coordinaci\u00f3n del evento .<\/span><\/li>\n<\/ul>\n<p><strong>Costo: $1,510 usd<\/strong><\/p>\n<p><span style=\"font-weight: 400;\">Para reservar, se requiere de un anticipo del 50%, el otro 50% restante debe ser pagado 20 d\u00edas antes del evento. *Precios libres de impuestos* *Hora extra de la locaci\u00f3n $120 usd * El paquete es v\u00e1lido \u00fanicamente de Lunes a Jueves y m\u00e1ximo 20 invitados.<\/span><\/p>\n<p><img loading=\"lazy\" decoding=\"async\" class=\"aligncenter wp-image-45 size-full\" title=\"Bodas en Acamaya.\" src=\"https:\/\/www.rivieracancunwedding.com\/es\/wp-content\/uploads\/2023\/06\/acamaya-weddings.jpg\" alt=\"Bodas en Acamaya.\" width=\"1024\" height=\"637\" srcset=\"https:\/\/www.rivieracancunwedding.com\/es\/wp-content\/uploads\/2023\/06\/acamaya-weddings.jpg 1024w, https:\/\/www.rivieracancunwedding.com\/es\/wp-content\/uploads\/2023\/06\/acamaya-weddings-300x187.jpg 300w, https:\/\/www.rivieracancunwedding.com\/es\/wp-content\/uploads\/2023\/06\/acamaya-weddings-768x478.jpg 768w, https:\/\/www.rivieracancunwedding.com\/es\/wp-content\/uploads\/2023\/06\/acamaya-weddings-80x50.jpg 80w\" sizes=\"auto, (max-width: 1024px) 100vw, 1024px\" \/><\/p>\n<p><span style=\"font-weight: 400;\">Nuestro paquete para bodas es 100% personalizado. No dudes en contactar a Riviera Cancun Weddings si tienes alguna pregunta o duda. Recuerda que \u201cEl cielo es el l\u00edmite\u201d; nosotros ponemos el lienzo y t\u00fa te encargas de resaltar tu personalidad en el evento de tus sue\u00f1os.<\/span><\/p>\n<p><span style=\"font-weight: 400;\">Adem\u00e1s, contamos con alianzas de hoteles y de transportaci\u00f3n.\u00a0<\/span><\/p>\n<p>&nbsp;<\/p>\n<p><a href=\"https:\/\/www.rivieracancunwedding.com\/contac-us\/\"><span style=\"font-weight: 400;\">Cont\u00e1ctanos<\/span><\/a><span style=\"font-weight: 400;\"> v\u00eda Email: <\/span><span style=\"font-weight: 400;\">info@rivieracancunwedding.com<\/span><span style=\"font-weight: 400;\"> o v\u00eda WhatsApp <\/span><a href=\"https:\/\/api.whatsapp.com\/send?phone=529981919026\"><span style=\"font-weight: 400;\">+52 998 191 9026<\/span><\/a><span style=\"font-weight: 400;\"> y comienza a so\u00f1ar con tu boda de destino en la playa en las costas de la Riviera Maya.<\/span><\/p>\n<p><span style=\"font-weight: 400;\">\u00a1S\u00edguenos en nuestras redes sociales!<\/span><span style=\"font-weight: 400;\"><br \/>\n<\/span><a href=\"https:\/\/www.facebook.com\/acamayaweddings\"><b>Acamaya Weddings Facebook<\/b><\/a><span style=\"font-weight: 400;\"> \/ <\/span><a href=\"https:\/\/www.instagram.com\/acamayaweddings\/\"><b>Acamaya Weddings Instagram<\/b><\/a><\/p>\n","protected":false},"excerpt":{"rendered":"<p>En Riviera Cancun Weddings de\u00a0Acamaya, tenemos paquetes para bodas que te ayudar\u00e1n a realizar tu evento f\u00e1cilmente y sin estr\u00e9s, solo tienes que dedicarte en disfrutar uno de los mejores d\u00edas de tu vida. El paquete Riviera Cancun Weddings incluye: &hellip; <a href=\"https:\/\/www.rivieracancunwedding.com\/es\/paquetes-para-bodas\/\">Continued<\/a><\/p>\n","protected":false},"author":1,"featured_media":44,"parent":0,"menu_order":0,"comment_status":"closed","ping_status":"closed","template":"","meta":{"footnotes":""},"class_list":["post-43","page","type-page","status-publish","has-post-thumbnail","hentry"],"yoast_head":"<!-- This site is optimized with the Yoast SEO plugin v20.13 - https:\/\/yoast.com\/wordpress\/plugins\/seo\/ -->\n<title>PAQUETES PARA BODAS - Riviera Cancun Weddings<\/title>\n<meta name=\"description\" content=\"Paquetes para bodas en Canc\u00fan. Organizamos tu boda de destino en Canc\u00fan. Tenemos paquetes especiales 100% personalizadas.\" \/>\n<meta name=\"robots\" content=\"index, follow, max-snippet:-1, max-image-preview:large, max-video-preview:-1\" \/>\n<link rel=\"canonical\" href=\"https:\/\/www.rivieracancunwedding.com\/es\/paquetes-para-bodas\/\" \/>\n<meta property=\"og:locale\" content=\"es_MX\" \/>\n<meta property=\"og:type\" content=\"article\" \/>\n<meta property=\"og:title\" content=\"PAQUETES PARA BODAS - Riviera Cancun Weddings\" \/>\n<meta property=\"og:description\" content=\"Paquetes para bodas en Canc\u00fan. Organizamos tu boda de destino en Canc\u00fan. Tenemos paquetes especiales 100% personalizadas.\" \/>\n<meta property=\"og:url\" content=\"https:\/\/www.rivieracancunwedding.com\/es\/paquetes-para-bodas\/\" \/>\n<meta property=\"og:site_name\" content=\"Riviera Cancun Weddings\" \/>\n<meta property=\"article:modified_time\" content=\"2023-06-30T21:21:22+00:00\" \/>\n<meta property=\"og:image\" content=\"https:\/\/www.rivieracancunwedding.com\/es\/wp-content\/uploads\/2023\/06\/riviera-cancun-weddings.jpg\" \/>\n\t<meta property=\"og:image:width\" content=\"1024\" \/>\n\t<meta property=\"og:image:height\" content=\"565\" \/>\n\t<meta property=\"og:image:type\" content=\"image\/jpeg\" \/>\n<meta name=\"twitter:card\" content=\"summary_large_image\" \/>\n<meta name=\"twitter:label1\" content=\"Tiempo de lectura\" \/>\n\t<meta name=\"twitter:data1\" content=\"3 minutos\" \/>\n<script type=\"application\/ld+json\" class=\"yoast-schema-graph\">{\"@context\":\"https:\/\/schema.org\",\"@graph\":[{\"@type\":\"WebPage\",\"@id\":\"https:\/\/www.rivieracancunwedding.com\/es\/paquetes-para-bodas\/\",\"url\":\"https:\/\/www.rivieracancunwedding.com\/es\/paquetes-para-bodas\/\",\"name\":\"PAQUETES PARA BODAS - Riviera Cancun Weddings\",\"isPartOf\":{\"@id\":\"https:\/\/www.rivieracancunwedding.com\/es\/#website\"},\"datePublished\":\"2023-06-29T20:40:25+00:00\",\"dateModified\":\"2023-06-30T21:21:22+00:00\",\"description\":\"Paquetes para bodas en Canc\u00fan. Organizamos tu boda de destino en Canc\u00fan. Tenemos paquetes especiales 100% personalizadas.\",\"breadcrumb\":{\"@id\":\"https:\/\/www.rivieracancunwedding.com\/es\/paquetes-para-bodas\/#breadcrumb\"},\"inLanguage\":\"es\",\"potentialAction\":[{\"@type\":\"ReadAction\",\"target\":[\"https:\/\/www.rivieracancunwedding.com\/es\/paquetes-para-bodas\/\"]}]},{\"@type\":\"BreadcrumbList\",\"@id\":\"https:\/\/www.rivieracancunwedding.com\/es\/paquetes-para-bodas\/#breadcrumb\",\"itemListElement\":[{\"@type\":\"ListItem\",\"position\":1,\"name\":\"Riviera Cancun Weddings\",\"item\":\"https:\/\/www.rivieracancunwedding.com\/es\/\"},{\"@type\":\"ListItem\",\"position\":2,\"name\":\"PAQUETES PARA BODAS\"}]},{\"@type\":\"WebSite\",\"@id\":\"https:\/\/www.rivieracancunwedding.com\/es\/#website\",\"url\":\"https:\/\/www.rivieracancunwedding.com\/es\/\",\"name\":\"Riviera Cancun Weddings\",\"description\":\"Bodas en la playa\",\"potentialAction\":[{\"@type\":\"SearchAction\",\"target\":{\"@type\":\"EntryPoint\",\"urlTemplate\":\"https:\/\/www.rivieracancunwedding.com\/es\/?s={search_term_string}\"},\"query-input\":\"required name=search_term_string\"}],\"inLanguage\":\"es\"}]}<\/script>\n<!-- \/ Yoast SEO plugin. -->","yoast_head_json":{"title":"PAQUETES PARA BODAS - Riviera Cancun Weddings","description":"Paquetes para bodas en Canc\u00fan. Organizamos tu boda de destino en Canc\u00fan. Tenemos paquetes especiales 100% personalizadas.","robots":{"index":"index","follow":"follow","max-snippet":"max-snippet:-1","max-image-preview":"max-image-preview:large","max-video-preview":"max-video-preview:-1"},"canonical":"https:\/\/www.rivieracancunwedding.com\/es\/paquetes-para-bodas\/","og_locale":"es_MX","og_type":"article","og_title":"PAQUETES PARA BODAS - Riviera Cancun Weddings","og_description":"Paquetes para bodas en Canc\u00fan. Organizamos tu boda de destino en Canc\u00fan. Tenemos paquetes especiales 100% personalizadas.","og_url":"https:\/\/www.rivieracancunwedding.com\/es\/paquetes-para-bodas\/","og_site_name":"Riviera Cancun Weddings","article_modified_time":"2023-06-30T21:21:22+00:00","og_image":[{"width":1024,"height":565,"url":"https:\/\/www.rivieracancunwedding.com\/es\/wp-content\/uploads\/2023\/06\/riviera-cancun-weddings.jpg","type":"image\/jpeg"}],"twitter_card":"summary_large_image","twitter_misc":{"Tiempo de lectura":"3 minutos"},"schema":{"@context":"https:\/\/schema.org","@graph":[{"@type":"WebPage","@id":"https:\/\/www.rivieracancunwedding.com\/es\/paquetes-para-bodas\/","url":"https:\/\/www.rivieracancunwedding.com\/es\/paquetes-para-bodas\/","name":"PAQUETES PARA BODAS - Riviera Cancun Weddings","isPartOf":{"@id":"https:\/\/www.rivieracancunwedding.com\/es\/#website"},"datePublished":"2023-06-29T20:40:25+00:00","dateModified":"2023-06-30T21:21:22+00:00","description":"Paquetes para bodas en Canc\u00fan. Organizamos tu boda de destino en Canc\u00fan. Tenemos paquetes especiales 100% personalizadas.","breadcrumb":{"@id":"https:\/\/www.rivieracancunwedding.com\/es\/paquetes-para-bodas\/#breadcrumb"},"inLanguage":"es","potentialAction":[{"@type":"ReadAction","target":["https:\/\/www.rivieracancunwedding.com\/es\/paquetes-para-bodas\/"]}]},{"@type":"BreadcrumbList","@id":"https:\/\/www.rivieracancunwedding.com\/es\/paquetes-para-bodas\/#breadcrumb","itemListElement":[{"@type":"ListItem","position":1,"name":"Riviera Cancun Weddings","item":"https:\/\/www.rivieracancunwedding.com\/es\/"},{"@type":"ListItem","position":2,"name":"PAQUETES PARA BODAS"}]},{"@type":"WebSite","@id":"https:\/\/www.rivieracancunwedding.com\/es\/#website","url":"https:\/\/www.rivieracancunwedding.com\/es\/","name":"Riviera Cancun Weddings","description":"Bodas en la playa","potentialAction":[{"@type":"SearchAction","target":{"@type":"EntryPoint","urlTemplate":"https:\/\/www.rivieracancunwedding.com\/es\/?s={search_term_string}"},"query-input":"required name=search_term_string"}],"inLanguage":"es"}]}},"_links":{"self":[{"href":"https:\/\/www.rivieracancunwedding.com\/es\/wp-json\/wp\/v2\/pages\/43","targetHints":{"allow":["GET"]}}],"collection":[{"href":"https:\/\/www.rivieracancunwedding.com\/es\/wp-json\/wp\/v2\/pages"}],"about":[{"href":"https:\/\/www.rivieracancunwedding.com\/es\/wp-json\/wp\/v2\/types\/page"}],"author":[{"embeddable":true,"href":"https:\/\/www.rivieracancunwedding.com\/es\/wp-json\/wp\/v2\/users\/1"}],"replies":[{"embeddable":true,"href":"https:\/\/www.rivieracancunwedding.com\/es\/wp-json\/wp\/v2\/comments?post=43"}],"version-history":[{"count":2,"href":"https:\/\/www.rivieracancunwedding.com\/es\/wp-json\/wp\/v2\/pages\/43\/revisions"}],"predecessor-version":[{"id":117,"href":"https:\/\/www.rivieracancunwedding.com\/es\/wp-json\/wp\/v2\/pages\/43\/revisions\/117"}],"wp:featuredmedia":[{"embeddable":true,"href":"https:\/\/www.rivieracancunwedding.com\/es\/wp-json\/wp\/v2\/media\/44"}],"wp:attachment":[{"href":"https:\/\/www.rivieracancunwedding.com\/es\/wp-json\/wp\/v2\/media?parent=43"}],"curies":[{"name":"wp","href":"https:\/\/api.w.org\/{rel}","templated":true}]}}