{"id":32,"date":"2023-06-29T18:47:40","date_gmt":"2023-06-29T18:47:40","guid":{"rendered":"https:\/\/www.rivieracancunwedding.com\/es\/?page_id=32"},"modified":"2023-07-06T16:32:52","modified_gmt":"2023-07-06T16:32:52","slug":"locacion-de-bodas","status":"publish","type":"page","link":"https:\/\/www.rivieracancunwedding.com\/es\/locacion-de-bodas\/","title":{"rendered":"Locaci\u00f3n de Bodas"},"content":{"rendered":"<p><b>\u00bfEst\u00e1s buscando locaciones para bodas en Canc\u00fan o la Riviera Maya?<\/b><\/p>\n<p><b>Riviera Cancun Weddings <\/b><span style=\"font-weight: 400;\">te ofrece un lugar \u00edntimo con una atm\u00f3sfera relajante en el Caribe. <\/span><b>Acamaya<\/b><span style=\"font-weight: 400;\"> es nuestra locaci\u00f3n preferida: una locaci\u00f3n para bodas en la playa ubicada entre las ciudades de <strong>Canc\u00fan<\/strong> y <strong>Playa del Carmen<\/strong>, en la ciudad tranquila de <strong>Puerto Morelos<\/strong>, justo a 15 minutos del Aeropuerto de Canc\u00fan.<\/span><\/p>\n<p><span style=\"font-weight: 400;\">Puerto Morelos es una antigua villa de pescadores que a\u00fan conserva el encanto de su emblem\u00e1tico faro y muelle. Es el t\u00edpico pueblo costero con su parque central frente a una iglesia. Dado a que las ceremonias cat\u00f3licas solo se llevan a cabo dentro de las iglesias, la ubicaci\u00f3n es muy conveniente si est\u00e1s pensando en casarte por la iglesia cat\u00f3lica y tener una recepci\u00f3n en la playa.<\/span><\/p>\n<p><img loading=\"lazy\" decoding=\"async\" class=\"alignnone wp-image-33 size-full\" title=\"Locaciones para bodas en Canc\u00fan.\" src=\"https:\/\/www.rivieracancunwedding.com\/es\/wp-content\/uploads\/2023\/06\/locaciones-para-bodas.webp\" alt=\"Locaciones para bodas en Canc\u00fan.\" width=\"1600\" height=\"899\" srcset=\"https:\/\/www.rivieracancunwedding.com\/es\/wp-content\/uploads\/2023\/06\/locaciones-para-bodas.webp 1600w, https:\/\/www.rivieracancunwedding.com\/es\/wp-content\/uploads\/2023\/06\/locaciones-para-bodas-300x169.webp 300w, https:\/\/www.rivieracancunwedding.com\/es\/wp-content\/uploads\/2023\/06\/locaciones-para-bodas-1024x575.webp 1024w, https:\/\/www.rivieracancunwedding.com\/es\/wp-content\/uploads\/2023\/06\/locaciones-para-bodas-768x432.webp 768w, https:\/\/www.rivieracancunwedding.com\/es\/wp-content\/uploads\/2023\/06\/locaciones-para-bodas-1536x863.webp 1536w\" sizes=\"auto, (max-width: 1600px) 100vw, 1600px\" \/><\/p>\n<p>&nbsp;<\/p>\n<h2><b>Bodas en la Playa\u00a0<\/b><\/h2>\n<p><b>Acamaya, <\/b><span style=\"font-weight: 400;\">locaci\u00f3n para bodas en la playa,<\/span> <span style=\"font-weight: 400;\">tiene una playa de 20 metros de frente y 40 metros de profundidad de fina arena blanca Tambi\u00e9n, cuenta con un amplio estacionamiento, ba\u00f1os y las instalaciones necesarias para los eventos.<\/span><\/p>\n<p><span style=\"font-weight: 400;\">Adem\u00e1s, <\/span><b>Riviera Cancun Weddings<\/b><span style=\"font-weight: 400;\">, tiene un amplio portafolio de hoteles y servicios de transportaci\u00f3n en caso de que sus clientes est\u00e9n hospedados en otros lugares de Canc\u00fan y la Riviera Maya.<\/span><\/p>\n<p><b>Acamaya Weddings<\/b><span style=\"font-weight: 400;\"> est\u00e1 empezando a ser uno de los mejores lugares para bodas en Canc\u00fan o en la Riviera Maya. De hecho, es considerado como una locaci\u00f3n para bodas en Canc\u00fan por su cercan\u00eda a la ciudad de Canc\u00fan. Por mucho tiempo, Puerto Morelos fue considerado parte del territorio de Canc\u00fan. Nuestra locaci\u00f3n para bodas es perfecto para una pareja que desee celebrar su boda en Canc\u00fan como en toda la Riviera Maya<\/span><\/p>\n<p><span style=\"font-weight: 400;\">Nuestro equipo de coordinadores de bodas te ayudar\u00e1n a planear uno de los d\u00edas m\u00e1s importantes de tu vida. \u00a1Cont\u00e1ctanos!<\/span><\/p>\n<p><img loading=\"lazy\" decoding=\"async\" class=\"alignnone wp-image-34 size-full\" title=\"Locaciones para bodas en la playa.\" src=\"https:\/\/www.rivieracancunwedding.com\/es\/wp-content\/uploads\/2023\/06\/locaciones-para-bodas-en-la-playa.webp\" alt=\"Locaciones para bodas en la playa.\" width=\"1200\" height=\"1234\" srcset=\"https:\/\/www.rivieracancunwedding.com\/es\/wp-content\/uploads\/2023\/06\/locaciones-para-bodas-en-la-playa.webp 1200w, https:\/\/www.rivieracancunwedding.com\/es\/wp-content\/uploads\/2023\/06\/locaciones-para-bodas-en-la-playa-292x300.webp 292w, https:\/\/www.rivieracancunwedding.com\/es\/wp-content\/uploads\/2023\/06\/locaciones-para-bodas-en-la-playa-996x1024.webp 996w, https:\/\/www.rivieracancunwedding.com\/es\/wp-content\/uploads\/2023\/06\/locaciones-para-bodas-en-la-playa-768x790.webp 768w\" sizes=\"auto, (max-width: 1200px) 100vw, 1200px\" \/><\/p>\n<p>&nbsp;<\/p>\n<p><span style=\"font-weight: 400;\"><a href=\"https:\/\/www.rivieracancunwedding.com\/contac-us\/\">Cont\u00e1ctanos<\/a> v\u00eda Email: <\/span><a href=\"mailto:info@rivieracancunwedding.com\"><span style=\"font-weight: 400;\">info@rivieracancunwedding.com<\/span><\/a><span style=\"font-weight: 400;\"> o v\u00eda WhatsApp <a href=\"https:\/\/api.whatsapp.com\/send?phone=529981919026\">+52 998 191 9026<\/a> y comienza a so\u00f1ar con tu boda de destino en la playa en las costas de la Riviera Maya.<\/span><\/p>\n<p>\u00a1S\u00edguenos en nuestras redes sociales!<br \/>\n<a href=\"https:\/\/www.facebook.com\/acamayaweddings\"><strong>Acamaya Weddings Facebook<\/strong><\/a> \/\u00a0<strong><a href=\"https:\/\/www.instagram.com\/acamayaweddings\/\">Acamaya Weddings Instagram<\/a><\/strong><\/p>\n","protected":false},"excerpt":{"rendered":"<p>\u00bfEst\u00e1s buscando locaciones para bodas en Canc\u00fan o la Riviera Maya? Riviera Cancun Weddings te ofrece un lugar \u00edntimo con una atm\u00f3sfera relajante en el Caribe. Acamaya es nuestra locaci\u00f3n preferida: una locaci\u00f3n para bodas en la playa ubicada entre &hellip; <a href=\"https:\/\/www.rivieracancunwedding.com\/es\/locacion-de-bodas\/\">Continued<\/a><\/p>\n","protected":false},"author":1,"featured_media":0,"parent":0,"menu_order":0,"comment_status":"closed","ping_status":"closed","template":"","meta":{"footnotes":""},"class_list":["post-32","page","type-page","status-publish","hentry"],"yoast_head":"<!-- This site is optimized with the Yoast SEO plugin v20.13 - https:\/\/yoast.com\/wordpress\/plugins\/seo\/ -->\n<title>Locaci\u00f3n de Bodas - Riviera Cancun Weddings<\/title>\n<meta name=\"description\" content=\"Locaciones para bodas. Nuestra locaci\u00f3n de bodas en la playa, Acamaya Weddings, est\u00e1 ubicado entre Canc\u00fan y Playa del Carmen.\" \/>\n<meta name=\"robots\" content=\"index, follow, max-snippet:-1, max-image-preview:large, max-video-preview:-1\" \/>\n<link rel=\"canonical\" href=\"https:\/\/www.rivieracancunwedding.com\/es\/locacion-de-bodas\/\" \/>\n<meta property=\"og:locale\" content=\"es_MX\" \/>\n<meta property=\"og:type\" content=\"article\" \/>\n<meta property=\"og:title\" content=\"Locaci\u00f3n de Bodas - Riviera Cancun Weddings\" \/>\n<meta property=\"og:description\" content=\"Locaciones para bodas. Nuestra locaci\u00f3n de bodas en la playa, Acamaya Weddings, est\u00e1 ubicado entre Canc\u00fan y Playa del Carmen.\" \/>\n<meta property=\"og:url\" content=\"https:\/\/www.rivieracancunwedding.com\/es\/locacion-de-bodas\/\" \/>\n<meta property=\"og:site_name\" content=\"Riviera Cancun Weddings\" \/>\n<meta property=\"article:modified_time\" content=\"2023-07-06T16:32:52+00:00\" \/>\n<meta property=\"og:image\" content=\"https:\/\/www.rivieracancunwedding.com\/es\/wp-content\/uploads\/2023\/06\/locaciones-para-bodas.webp\" \/>\n<meta name=\"twitter:card\" content=\"summary_large_image\" \/>\n<meta name=\"twitter:label1\" content=\"Tiempo de lectura\" \/>\n\t<meta name=\"twitter:data1\" content=\"2 minutos\" \/>\n<script type=\"application\/ld+json\" class=\"yoast-schema-graph\">{\"@context\":\"https:\/\/schema.org\",\"@graph\":[{\"@type\":\"WebPage\",\"@id\":\"https:\/\/www.rivieracancunwedding.com\/es\/locacion-de-bodas\/\",\"url\":\"https:\/\/www.rivieracancunwedding.com\/es\/locacion-de-bodas\/\",\"name\":\"Locaci\u00f3n de Bodas - Riviera Cancun Weddings\",\"isPartOf\":{\"@id\":\"https:\/\/www.rivieracancunwedding.com\/es\/#website\"},\"datePublished\":\"2023-06-29T18:47:40+00:00\",\"dateModified\":\"2023-07-06T16:32:52+00:00\",\"description\":\"Locaciones para bodas. Nuestra locaci\u00f3n de bodas en la playa, Acamaya Weddings, est\u00e1 ubicado entre Canc\u00fan y Playa del Carmen.\",\"breadcrumb\":{\"@id\":\"https:\/\/www.rivieracancunwedding.com\/es\/locacion-de-bodas\/#breadcrumb\"},\"inLanguage\":\"es\",\"potentialAction\":[{\"@type\":\"ReadAction\",\"target\":[\"https:\/\/www.rivieracancunwedding.com\/es\/locacion-de-bodas\/\"]}]},{\"@type\":\"BreadcrumbList\",\"@id\":\"https:\/\/www.rivieracancunwedding.com\/es\/locacion-de-bodas\/#breadcrumb\",\"itemListElement\":[{\"@type\":\"ListItem\",\"position\":1,\"name\":\"Riviera Cancun Weddings\",\"item\":\"https:\/\/www.rivieracancunwedding.com\/es\/\"},{\"@type\":\"ListItem\",\"position\":2,\"name\":\"Locaci\u00f3n de Bodas\"}]},{\"@type\":\"WebSite\",\"@id\":\"https:\/\/www.rivieracancunwedding.com\/es\/#website\",\"url\":\"https:\/\/www.rivieracancunwedding.com\/es\/\",\"name\":\"Riviera Cancun Weddings\",\"description\":\"Bodas en la playa\",\"potentialAction\":[{\"@type\":\"SearchAction\",\"target\":{\"@type\":\"EntryPoint\",\"urlTemplate\":\"https:\/\/www.rivieracancunwedding.com\/es\/?s={search_term_string}\"},\"query-input\":\"required name=search_term_string\"}],\"inLanguage\":\"es\"}]}<\/script>\n<!-- \/ Yoast SEO plugin. -->","yoast_head_json":{"title":"Locaci\u00f3n de Bodas - Riviera Cancun Weddings","description":"Locaciones para bodas. Nuestra locaci\u00f3n de bodas en la playa, Acamaya Weddings, est\u00e1 ubicado entre Canc\u00fan y Playa del Carmen.","robots":{"index":"index","follow":"follow","max-snippet":"max-snippet:-1","max-image-preview":"max-image-preview:large","max-video-preview":"max-video-preview:-1"},"canonical":"https:\/\/www.rivieracancunwedding.com\/es\/locacion-de-bodas\/","og_locale":"es_MX","og_type":"article","og_title":"Locaci\u00f3n de Bodas - Riviera Cancun Weddings","og_description":"Locaciones para bodas. Nuestra locaci\u00f3n de bodas en la playa, Acamaya Weddings, est\u00e1 ubicado entre Canc\u00fan y Playa del Carmen.","og_url":"https:\/\/www.rivieracancunwedding.com\/es\/locacion-de-bodas\/","og_site_name":"Riviera Cancun Weddings","article_modified_time":"2023-07-06T16:32:52+00:00","og_image":[{"url":"https:\/\/www.rivieracancunwedding.com\/es\/wp-content\/uploads\/2023\/06\/locaciones-para-bodas.webp"}],"twitter_card":"summary_large_image","twitter_misc":{"Tiempo de lectura":"2 minutos"},"schema":{"@context":"https:\/\/schema.org","@graph":[{"@type":"WebPage","@id":"https:\/\/www.rivieracancunwedding.com\/es\/locacion-de-bodas\/","url":"https:\/\/www.rivieracancunwedding.com\/es\/locacion-de-bodas\/","name":"Locaci\u00f3n de Bodas - Riviera Cancun Weddings","isPartOf":{"@id":"https:\/\/www.rivieracancunwedding.com\/es\/#website"},"datePublished":"2023-06-29T18:47:40+00:00","dateModified":"2023-07-06T16:32:52+00:00","description":"Locaciones para bodas. Nuestra locaci\u00f3n de bodas en la playa, Acamaya Weddings, est\u00e1 ubicado entre Canc\u00fan y Playa del Carmen.","breadcrumb":{"@id":"https:\/\/www.rivieracancunwedding.com\/es\/locacion-de-bodas\/#breadcrumb"},"inLanguage":"es","potentialAction":[{"@type":"ReadAction","target":["https:\/\/www.rivieracancunwedding.com\/es\/locacion-de-bodas\/"]}]},{"@type":"BreadcrumbList","@id":"https:\/\/www.rivieracancunwedding.com\/es\/locacion-de-bodas\/#breadcrumb","itemListElement":[{"@type":"ListItem","position":1,"name":"Riviera Cancun Weddings","item":"https:\/\/www.rivieracancunwedding.com\/es\/"},{"@type":"ListItem","position":2,"name":"Locaci\u00f3n de Bodas"}]},{"@type":"WebSite","@id":"https:\/\/www.rivieracancunwedding.com\/es\/#website","url":"https:\/\/www.rivieracancunwedding.com\/es\/","name":"Riviera Cancun Weddings","description":"Bodas en la playa","potentialAction":[{"@type":"SearchAction","target":{"@type":"EntryPoint","urlTemplate":"https:\/\/www.rivieracancunwedding.com\/es\/?s={search_term_string}"},"query-input":"required name=search_term_string"}],"inLanguage":"es"}]}},"_links":{"self":[{"href":"https:\/\/www.rivieracancunwedding.com\/es\/wp-json\/wp\/v2\/pages\/32","targetHints":{"allow":["GET"]}}],"collection":[{"href":"https:\/\/www.rivieracancunwedding.com\/es\/wp-json\/wp\/v2\/pages"}],"about":[{"href":"https:\/\/www.rivieracancunwedding.com\/es\/wp-json\/wp\/v2\/types\/page"}],"author":[{"embeddable":true,"href":"https:\/\/www.rivieracancunwedding.com\/es\/wp-json\/wp\/v2\/users\/1"}],"replies":[{"embeddable":true,"href":"https:\/\/www.rivieracancunwedding.com\/es\/wp-json\/wp\/v2\/comments?post=32"}],"version-history":[{"count":3,"href":"https:\/\/www.rivieracancunwedding.com\/es\/wp-json\/wp\/v2\/pages\/32\/revisions"}],"predecessor-version":[{"id":135,"href":"https:\/\/www.rivieracancunwedding.com\/es\/wp-json\/wp\/v2\/pages\/32\/revisions\/135"}],"wp:attachment":[{"href":"https:\/\/www.rivieracancunwedding.com\/es\/wp-json\/wp\/v2\/media?parent=32"}],"curies":[{"name":"wp","href":"https:\/\/api.w.org\/{rel}","templated":true}]}}