{"id":152,"date":"2023-07-14T21:48:08","date_gmt":"2023-07-14T21:48:08","guid":{"rendered":"https:\/\/www.rivieracancunwedding.com\/es\/?page_id=152"},"modified":"2023-07-14T21:54:10","modified_gmt":"2023-07-14T21:54:10","slug":"bodas-en-tulum","status":"publish","type":"page","link":"https:\/\/www.rivieracancunwedding.com\/es\/bodas-en-tulum\/","title":{"rendered":"BODAS EN TULUM"},"content":{"rendered":"<h2>Cuando se trata de lugares para bodas en Tulum, hay muchas opciones. Encontrar la opci\u00f3n adecuada para ti puede ser diferente.<\/h2>\n<p>Esta hermosa ciudad de <strong>Tulum en la Riviera Maya, <\/strong>es un destino en la playa de en tendencia frente al Caribe Mexicano con vistas incre\u00edbles. Tulum tiene todo tipo de ambiente, lugares para bodas en la playa, lugares para bodas en la selva o en un cenote. Tulum es un excelente destino para tener una boda en la playa.<\/p>\n<p>El\u00a0<a href=\"https:\/\/www.cancuniairport.com\/es\/\">Aeropuerto Internacional de Canc\u00fan<\/a> es el m\u00e1s transitado de Am\u00e9rica Latina, por lo que no te ser\u00e1 dif\u00edcil encontrar vuelos desde cualquier lugar en el mundo a este destino. Tulum est\u00e1 aproximadamente a 2 horas del aeropuerto. Tulum es un destino con una enorme variedad de alojamientos, desde Hoteles All-inclusive de 5 estrellas a una gran variedad de Airbnb\u2019s en toda la ciudad y con todo tipo de tarifas.<\/p>\n<p>Estos factores hacen que la organizaci\u00f3n de las\u00a0<strong>bodas en Tulum<\/strong>\u00a0sea mucho m\u00e1s f\u00e1cil. Pero, \u00bfQu\u00e9 hay sobre la locaci\u00f3n?<\/p>\n<p><img loading=\"lazy\" decoding=\"async\" class=\"alignnone wp-image-153 size-full\" title=\"Bodas en Tulum\" src=\"https:\/\/www.rivieracancunwedding.com\/es\/wp-content\/uploads\/2023\/07\/riviera-cancun-weddings-bodas.jpg\" alt=\"\" width=\"1024\" height=\"565\" srcset=\"https:\/\/www.rivieracancunwedding.com\/es\/wp-content\/uploads\/2023\/07\/riviera-cancun-weddings-bodas.jpg 1024w, https:\/\/www.rivieracancunwedding.com\/es\/wp-content\/uploads\/2023\/07\/riviera-cancun-weddings-bodas-300x166.jpg 300w, https:\/\/www.rivieracancunwedding.com\/es\/wp-content\/uploads\/2023\/07\/riviera-cancun-weddings-bodas-768x424.jpg 768w\" sizes=\"auto, (max-width: 1024px) 100vw, 1024px\" \/><\/p>\n<h3>Riviera Cancun Weddings<\/h3>\n<p>Si est\u00e1s buscando un lugar ideal para casarte <strong>Tulum<\/strong>, lo has encontrado. En\u00a0<strong>Riviera Cancun Weddings\u00a0<\/strong>te ofrecemos una de las mejores locaciones para bodas en Tulum, con las mejores vistas al oc\u00e9ano y una atm\u00f3sfera relajante t\u00edpica del Caribe.<\/p>\n<p>Nuestra locaci\u00f3n tiene un amplio estacionamiento, una playa privada frente al mar, tambi\u00e9n se ofrecen las comodidades esenciales para hacer de tu d\u00eda especial un d\u00eda inolvidable.<\/p>\n<p>Adem\u00e1s, \u00a1No tienes de qu\u00e9 preocuparte de nada! Tenemos un equipo de coordinadores para bodas con m\u00e1s de 10 a\u00f1os de experiencia. Nuestra misi\u00f3n es que los novios y sus invitados tengan un d\u00eda divertido sin tener que preocuparse.<\/p>\n<p>Tu sugieres la idea y nosotros lo ejecutamos en la mejor loaci\u00f3n para bodas en\u00a0<strong>Tulum<\/strong>. \u00a1Cont\u00e1ctanos!<\/p>\n<p>&nbsp;<\/p>\n<p><a href=\"https:\/\/www.rivieracancunwedding.com\/contac-us\/\">Cont\u00e1ctanos<\/a>\u00a0v\u00eda<strong>\u00a0Email<\/strong>:\u00a0info@rivieracancunwedding.com\u00a0o v\u00eda\u00a0<strong>WhatsApp\u00a0<\/strong><a href=\"https:\/\/api.whatsapp.com\/send?phone=529981919026\">+52 998 191 9026<\/a>\u00a0y comienza a so\u00f1ar con tu boda de destino en la playa en las costas de la Riviera Maya.<\/p>\n<p>\u00a1S\u00edguenos en nuestras redes sociales!<br \/>\n<a href=\"https:\/\/www.facebook.com\/acamayaweddings\"><b>Acamaya Weddings Facebook<\/b><\/a>\u00a0\/\u00a0<a href=\"https:\/\/www.instagram.com\/acamayaweddings\/\"><b>Acamaya Weddings Instagram<\/b><\/a><\/p>\n","protected":false},"excerpt":{"rendered":"<p>Cuando se trata de lugares para bodas en Tulum, hay muchas opciones. Encontrar la opci\u00f3n adecuada para ti puede ser diferente. Esta hermosa ciudad de Tulum en la Riviera Maya, es un destino en la playa de en tendencia frente &hellip; <a href=\"https:\/\/www.rivieracancunwedding.com\/es\/bodas-en-tulum\/\">Continued<\/a><\/p>\n","protected":false},"author":1,"featured_media":153,"parent":0,"menu_order":0,"comment_status":"closed","ping_status":"closed","template":"","meta":{"footnotes":""},"class_list":["post-152","page","type-page","status-publish","has-post-thumbnail","hentry"],"yoast_head":"<!-- This site is optimized with the Yoast SEO plugin v20.13 - https:\/\/yoast.com\/wordpress\/plugins\/seo\/ -->\n<title>BODAS EN TULUM - Riviera Cancun Weddings<\/title>\n<meta name=\"description\" content=\"Bodas en Tulum. En Riviera Cancun Weddings planificamos y organizamos la boda de destino de tus sue\u00f1os en Canc\u00fan y Riviera Maya.\" \/>\n<meta name=\"robots\" content=\"index, follow, max-snippet:-1, max-image-preview:large, max-video-preview:-1\" \/>\n<link rel=\"canonical\" href=\"https:\/\/www.rivieracancunwedding.com\/es\/bodas-en-tulum\/\" \/>\n<meta property=\"og:locale\" content=\"es_MX\" \/>\n<meta property=\"og:type\" content=\"article\" \/>\n<meta property=\"og:title\" content=\"BODAS EN TULUM - Riviera Cancun Weddings\" \/>\n<meta property=\"og:description\" content=\"Bodas en Tulum. En Riviera Cancun Weddings planificamos y organizamos la boda de destino de tus sue\u00f1os en Canc\u00fan y Riviera Maya.\" \/>\n<meta property=\"og:url\" content=\"https:\/\/www.rivieracancunwedding.com\/es\/bodas-en-tulum\/\" \/>\n<meta property=\"og:site_name\" content=\"Riviera Cancun Weddings\" \/>\n<meta property=\"article:modified_time\" content=\"2023-07-14T21:54:10+00:00\" \/>\n<meta property=\"og:image\" content=\"https:\/\/www.rivieracancunwedding.com\/es\/wp-content\/uploads\/2023\/07\/riviera-cancun-weddings-bodas.jpg\" \/>\n\t<meta property=\"og:image:width\" content=\"1024\" \/>\n\t<meta property=\"og:image:height\" content=\"565\" \/>\n\t<meta property=\"og:image:type\" content=\"image\/jpeg\" \/>\n<meta name=\"twitter:card\" content=\"summary_large_image\" \/>\n<meta name=\"twitter:label1\" content=\"Tiempo de lectura\" \/>\n\t<meta name=\"twitter:data1\" content=\"2 minutos\" \/>\n<script type=\"application\/ld+json\" class=\"yoast-schema-graph\">{\"@context\":\"https:\/\/schema.org\",\"@graph\":[{\"@type\":\"WebPage\",\"@id\":\"https:\/\/www.rivieracancunwedding.com\/es\/bodas-en-tulum\/\",\"url\":\"https:\/\/www.rivieracancunwedding.com\/es\/bodas-en-tulum\/\",\"name\":\"BODAS EN TULUM - Riviera Cancun Weddings\",\"isPartOf\":{\"@id\":\"https:\/\/www.rivieracancunwedding.com\/es\/#website\"},\"datePublished\":\"2023-07-14T21:48:08+00:00\",\"dateModified\":\"2023-07-14T21:54:10+00:00\",\"description\":\"Bodas en Tulum. En Riviera Cancun Weddings planificamos y organizamos la boda de destino de tus sue\u00f1os en Canc\u00fan y Riviera Maya.\",\"breadcrumb\":{\"@id\":\"https:\/\/www.rivieracancunwedding.com\/es\/bodas-en-tulum\/#breadcrumb\"},\"inLanguage\":\"es\",\"potentialAction\":[{\"@type\":\"ReadAction\",\"target\":[\"https:\/\/www.rivieracancunwedding.com\/es\/bodas-en-tulum\/\"]}]},{\"@type\":\"BreadcrumbList\",\"@id\":\"https:\/\/www.rivieracancunwedding.com\/es\/bodas-en-tulum\/#breadcrumb\",\"itemListElement\":[{\"@type\":\"ListItem\",\"position\":1,\"name\":\"Riviera Cancun Weddings\",\"item\":\"https:\/\/www.rivieracancunwedding.com\/es\/\"},{\"@type\":\"ListItem\",\"position\":2,\"name\":\"BODAS EN TULUM\"}]},{\"@type\":\"WebSite\",\"@id\":\"https:\/\/www.rivieracancunwedding.com\/es\/#website\",\"url\":\"https:\/\/www.rivieracancunwedding.com\/es\/\",\"name\":\"Riviera Cancun Weddings\",\"description\":\"Bodas en la playa\",\"potentialAction\":[{\"@type\":\"SearchAction\",\"target\":{\"@type\":\"EntryPoint\",\"urlTemplate\":\"https:\/\/www.rivieracancunwedding.com\/es\/?s={search_term_string}\"},\"query-input\":\"required name=search_term_string\"}],\"inLanguage\":\"es\"}]}<\/script>\n<!-- \/ Yoast SEO plugin. -->","yoast_head_json":{"title":"BODAS EN TULUM - Riviera Cancun Weddings","description":"Bodas en Tulum. En Riviera Cancun Weddings planificamos y organizamos la boda de destino de tus sue\u00f1os en Canc\u00fan y Riviera Maya.","robots":{"index":"index","follow":"follow","max-snippet":"max-snippet:-1","max-image-preview":"max-image-preview:large","max-video-preview":"max-video-preview:-1"},"canonical":"https:\/\/www.rivieracancunwedding.com\/es\/bodas-en-tulum\/","og_locale":"es_MX","og_type":"article","og_title":"BODAS EN TULUM - Riviera Cancun Weddings","og_description":"Bodas en Tulum. En Riviera Cancun Weddings planificamos y organizamos la boda de destino de tus sue\u00f1os en Canc\u00fan y Riviera Maya.","og_url":"https:\/\/www.rivieracancunwedding.com\/es\/bodas-en-tulum\/","og_site_name":"Riviera Cancun Weddings","article_modified_time":"2023-07-14T21:54:10+00:00","og_image":[{"width":1024,"height":565,"url":"https:\/\/www.rivieracancunwedding.com\/es\/wp-content\/uploads\/2023\/07\/riviera-cancun-weddings-bodas.jpg","type":"image\/jpeg"}],"twitter_card":"summary_large_image","twitter_misc":{"Tiempo de lectura":"2 minutos"},"schema":{"@context":"https:\/\/schema.org","@graph":[{"@type":"WebPage","@id":"https:\/\/www.rivieracancunwedding.com\/es\/bodas-en-tulum\/","url":"https:\/\/www.rivieracancunwedding.com\/es\/bodas-en-tulum\/","name":"BODAS EN TULUM - Riviera Cancun Weddings","isPartOf":{"@id":"https:\/\/www.rivieracancunwedding.com\/es\/#website"},"datePublished":"2023-07-14T21:48:08+00:00","dateModified":"2023-07-14T21:54:10+00:00","description":"Bodas en Tulum. En Riviera Cancun Weddings planificamos y organizamos la boda de destino de tus sue\u00f1os en Canc\u00fan y Riviera Maya.","breadcrumb":{"@id":"https:\/\/www.rivieracancunwedding.com\/es\/bodas-en-tulum\/#breadcrumb"},"inLanguage":"es","potentialAction":[{"@type":"ReadAction","target":["https:\/\/www.rivieracancunwedding.com\/es\/bodas-en-tulum\/"]}]},{"@type":"BreadcrumbList","@id":"https:\/\/www.rivieracancunwedding.com\/es\/bodas-en-tulum\/#breadcrumb","itemListElement":[{"@type":"ListItem","position":1,"name":"Riviera Cancun Weddings","item":"https:\/\/www.rivieracancunwedding.com\/es\/"},{"@type":"ListItem","position":2,"name":"BODAS EN TULUM"}]},{"@type":"WebSite","@id":"https:\/\/www.rivieracancunwedding.com\/es\/#website","url":"https:\/\/www.rivieracancunwedding.com\/es\/","name":"Riviera Cancun Weddings","description":"Bodas en la playa","potentialAction":[{"@type":"SearchAction","target":{"@type":"EntryPoint","urlTemplate":"https:\/\/www.rivieracancunwedding.com\/es\/?s={search_term_string}"},"query-input":"required name=search_term_string"}],"inLanguage":"es"}]}},"_links":{"self":[{"href":"https:\/\/www.rivieracancunwedding.com\/es\/wp-json\/wp\/v2\/pages\/152","targetHints":{"allow":["GET"]}}],"collection":[{"href":"https:\/\/www.rivieracancunwedding.com\/es\/wp-json\/wp\/v2\/pages"}],"about":[{"href":"https:\/\/www.rivieracancunwedding.com\/es\/wp-json\/wp\/v2\/types\/page"}],"author":[{"embeddable":true,"href":"https:\/\/www.rivieracancunwedding.com\/es\/wp-json\/wp\/v2\/users\/1"}],"replies":[{"embeddable":true,"href":"https:\/\/www.rivieracancunwedding.com\/es\/wp-json\/wp\/v2\/comments?post=152"}],"version-history":[{"count":2,"href":"https:\/\/www.rivieracancunwedding.com\/es\/wp-json\/wp\/v2\/pages\/152\/revisions"}],"predecessor-version":[{"id":158,"href":"https:\/\/www.rivieracancunwedding.com\/es\/wp-json\/wp\/v2\/pages\/152\/revisions\/158"}],"wp:featuredmedia":[{"embeddable":true,"href":"https:\/\/www.rivieracancunwedding.com\/es\/wp-json\/wp\/v2\/media\/153"}],"wp:attachment":[{"href":"https:\/\/www.rivieracancunwedding.com\/es\/wp-json\/wp\/v2\/media?parent=152"}],"curies":[{"name":"wp","href":"https:\/\/api.w.org\/{rel}","templated":true}]}}