{"id":147,"date":"2023-07-14T21:32:54","date_gmt":"2023-07-14T21:32:54","guid":{"rendered":"https:\/\/www.rivieracancunwedding.com\/es\/?page_id=147"},"modified":"2023-07-14T21:49:38","modified_gmt":"2023-07-14T21:49:38","slug":"bodas-en-playa-del-carmen","status":"publish","type":"page","link":"https:\/\/www.rivieracancunwedding.com\/es\/bodas-en-playa-del-carmen\/","title":{"rendered":"BODAS EN PLAYA DEL CARMEN"},"content":{"rendered":"<p>&nbsp;<\/p>\n<h2>Cuando se trata de lugares para bodas en Playa del Carmen, hay muchas opciones. Encontrar la opci\u00f3n adecuada para ti puede ser diferente.<\/h2>\n<p>La hermosa ciudad de Playa del Carmen en la Riviera Maya, es un destino cosmopolita en las costas de la playa frente al Caribe Mexicano con vistas incre\u00edbles. En frente de Playa del Carmen, podemos ver a la distancia la Isla de Cozumel que da un escenario magnifico para la imagen de tu boda. Playa del Carmen es un excelente destino para una <strong>boda en la playa<\/strong>.<\/p>\n<p>El <a href=\"https:\/\/www.cancuniairport.com\/es\/\">Aeropuerto Internacional de Canc\u00fan<\/a> es el m\u00e1s transitado de Am\u00e9rica Latina, por lo que no te ser\u00e1 dif\u00edcil encontrar vuelos desde cualquier lugar en el mundo a este destino. Playa del Carmen est\u00e1 aproximadamente entre 45 minutos del aeropuerto. Playa del Carmen es un destino con una enorme variedad de alojamientos, desde Hoteles All-inclusive de 5 estrellas a una gran variedad de Airbnb&#8217;s en toda la ciudad y con todo tipo de tarifas.<\/p>\n<p>Estos factores hacen que la organizaci\u00f3n de las\u00a0<strong>bodas en Playa del Carmen<\/strong>\u00a0sea mucho m\u00e1s f\u00e1cil. Pero, \u00bfQu\u00e9 hay sobre la locaci\u00f3n?<\/p>\n<p><img loading=\"lazy\" decoding=\"async\" class=\"alignnone wp-image-148 size-full\" title=\"Bodas en Playa del Carmen\" src=\"https:\/\/www.rivieracancunwedding.com\/es\/wp-content\/uploads\/2023\/07\/riviera-cancun-weddings-bodas-en-playa-del-carmen.jpg\" alt=\"\" width=\"1024\" height=\"565\" srcset=\"https:\/\/www.rivieracancunwedding.com\/es\/wp-content\/uploads\/2023\/07\/riviera-cancun-weddings-bodas-en-playa-del-carmen.jpg 1024w, https:\/\/www.rivieracancunwedding.com\/es\/wp-content\/uploads\/2023\/07\/riviera-cancun-weddings-bodas-en-playa-del-carmen-300x166.jpg 300w, https:\/\/www.rivieracancunwedding.com\/es\/wp-content\/uploads\/2023\/07\/riviera-cancun-weddings-bodas-en-playa-del-carmen-768x424.jpg 768w\" sizes=\"auto, (max-width: 1024px) 100vw, 1024px\" \/><\/p>\n<h3>Riviera Cancun Weddings<\/h3>\n<p>Si est\u00e1s buscando un lugar ideal para casarte en las playas de\u00a0<strong>Playa del Carmen<\/strong>, lo has encontrado. En\u00a0<strong>Riviera Cancun Weddings\u00a0<\/strong>te\u00a0ofrecemos una de las mejores locaciones para bodas en Puerto Morelos, con las mejores vistas al oc\u00e9ano y una atm\u00f3sfera relajante t\u00edpica del Caribe.<\/p>\n<p>Nuestra locaci\u00f3n<strong>,\u00a0<\/strong>tiene un amplio estacionamiento, una playa privada frente al mar, tambi\u00e9n se ofrecen las comodidades esenciales para hacer de tu d\u00eda especial un d\u00eda inolvidable.<\/p>\n<p>Adem\u00e1s, \u00a1No tienes de qu\u00e9 preocuparte de nada! Tenemos un equipo de coordinadores para bodas con m\u00e1s de 10 a\u00f1os de experiencia. Nuestra misi\u00f3n es que los novios y sus invitados tengan un d\u00eda divertido sin tener que preocuparse.<\/p>\n<p>Tu sugieres la idea y nosotros lo ejecutamos en la mejor loaci\u00f3n para bodas en\u00a0<strong>Playa del Carmen<\/strong>. \u00a1Cont\u00e1ctanos!<\/p>\n<p>&nbsp;<\/p>\n<p><a href=\"https:\/\/www.rivieracancunwedding.com\/contac-us\/\">Cont\u00e1ctanos<\/a>\u00a0v\u00eda<strong>\u00a0Email<\/strong>:\u00a0info@rivieracancunwedding.com\u00a0o v\u00eda\u00a0<strong>WhatsApp\u00a0<\/strong><a href=\"https:\/\/api.whatsapp.com\/send?phone=529981919026\">+52 998 191 9026<\/a>\u00a0y comienza a so\u00f1ar con tu boda de destino en la playa en las costas de la Riviera Maya.<\/p>\n<p>\u00a1S\u00edguenos en nuestras redes sociales!<br \/>\n<a href=\"https:\/\/www.facebook.com\/acamayaweddings\"><b>Acamaya Weddings Facebook<\/b><\/a>\u00a0\/\u00a0<a href=\"https:\/\/www.instagram.com\/acamayaweddings\/\"><b>Acamaya Weddings Instagram<\/b><\/a><\/p>\n<p>&nbsp;<\/p>\n<p>&nbsp;<\/p>\n","protected":false},"excerpt":{"rendered":"<p>&nbsp; Cuando se trata de lugares para bodas en Playa del Carmen, hay muchas opciones. Encontrar la opci\u00f3n adecuada para ti puede ser diferente. La hermosa ciudad de Playa del Carmen en la Riviera Maya, es un destino cosmopolita en &hellip; <a href=\"https:\/\/www.rivieracancunwedding.com\/es\/bodas-en-playa-del-carmen\/\">Continued<\/a><\/p>\n","protected":false},"author":1,"featured_media":148,"parent":0,"menu_order":0,"comment_status":"closed","ping_status":"closed","template":"","meta":{"footnotes":""},"class_list":["post-147","page","type-page","status-publish","has-post-thumbnail","hentry"],"yoast_head":"<!-- This site is optimized with the Yoast SEO plugin v20.13 - https:\/\/yoast.com\/wordpress\/plugins\/seo\/ -->\n<title>BODAS EN PLAYA DEL CARMEN - Riviera Cancun Weddings<\/title>\n<meta name=\"description\" content=\"Bodas en Playa del Carmen. En Riviera Cancun Weddings planificamos y organizamos la boda de destino de tus sue\u00f1os en Canc\u00fan y Riviera Maya.\" \/>\n<meta name=\"robots\" content=\"index, follow, max-snippet:-1, max-image-preview:large, max-video-preview:-1\" \/>\n<link rel=\"canonical\" href=\"https:\/\/www.rivieracancunwedding.com\/es\/bodas-en-playa-del-carmen\/\" \/>\n<meta property=\"og:locale\" content=\"es_MX\" \/>\n<meta property=\"og:type\" content=\"article\" \/>\n<meta property=\"og:title\" content=\"BODAS EN PLAYA DEL CARMEN - Riviera Cancun Weddings\" \/>\n<meta property=\"og:description\" content=\"Bodas en Playa del Carmen. En Riviera Cancun Weddings planificamos y organizamos la boda de destino de tus sue\u00f1os en Canc\u00fan y Riviera Maya.\" \/>\n<meta property=\"og:url\" content=\"https:\/\/www.rivieracancunwedding.com\/es\/bodas-en-playa-del-carmen\/\" \/>\n<meta property=\"og:site_name\" content=\"Riviera Cancun Weddings\" \/>\n<meta property=\"article:modified_time\" content=\"2023-07-14T21:49:38+00:00\" \/>\n<meta property=\"og:image\" content=\"https:\/\/www.rivieracancunwedding.com\/es\/wp-content\/uploads\/2023\/07\/riviera-cancun-weddings-bodas-en-playa-del-carmen.jpg\" \/>\n\t<meta property=\"og:image:width\" content=\"1024\" \/>\n\t<meta property=\"og:image:height\" content=\"565\" \/>\n\t<meta property=\"og:image:type\" content=\"image\/jpeg\" \/>\n<meta name=\"twitter:card\" content=\"summary_large_image\" \/>\n<meta name=\"twitter:label1\" content=\"Tiempo de lectura\" \/>\n\t<meta name=\"twitter:data1\" content=\"2 minutos\" \/>\n<script type=\"application\/ld+json\" class=\"yoast-schema-graph\">{\"@context\":\"https:\/\/schema.org\",\"@graph\":[{\"@type\":\"WebPage\",\"@id\":\"https:\/\/www.rivieracancunwedding.com\/es\/bodas-en-playa-del-carmen\/\",\"url\":\"https:\/\/www.rivieracancunwedding.com\/es\/bodas-en-playa-del-carmen\/\",\"name\":\"BODAS EN PLAYA DEL CARMEN - Riviera Cancun Weddings\",\"isPartOf\":{\"@id\":\"https:\/\/www.rivieracancunwedding.com\/es\/#website\"},\"datePublished\":\"2023-07-14T21:32:54+00:00\",\"dateModified\":\"2023-07-14T21:49:38+00:00\",\"description\":\"Bodas en Playa del Carmen. En Riviera Cancun Weddings planificamos y organizamos la boda de destino de tus sue\u00f1os en Canc\u00fan y Riviera Maya.\",\"breadcrumb\":{\"@id\":\"https:\/\/www.rivieracancunwedding.com\/es\/bodas-en-playa-del-carmen\/#breadcrumb\"},\"inLanguage\":\"es\",\"potentialAction\":[{\"@type\":\"ReadAction\",\"target\":[\"https:\/\/www.rivieracancunwedding.com\/es\/bodas-en-playa-del-carmen\/\"]}]},{\"@type\":\"BreadcrumbList\",\"@id\":\"https:\/\/www.rivieracancunwedding.com\/es\/bodas-en-playa-del-carmen\/#breadcrumb\",\"itemListElement\":[{\"@type\":\"ListItem\",\"position\":1,\"name\":\"Riviera Cancun Weddings\",\"item\":\"https:\/\/www.rivieracancunwedding.com\/es\/\"},{\"@type\":\"ListItem\",\"position\":2,\"name\":\"BODAS EN PLAYA DEL CARMEN\"}]},{\"@type\":\"WebSite\",\"@id\":\"https:\/\/www.rivieracancunwedding.com\/es\/#website\",\"url\":\"https:\/\/www.rivieracancunwedding.com\/es\/\",\"name\":\"Riviera Cancun Weddings\",\"description\":\"Bodas en la playa\",\"potentialAction\":[{\"@type\":\"SearchAction\",\"target\":{\"@type\":\"EntryPoint\",\"urlTemplate\":\"https:\/\/www.rivieracancunwedding.com\/es\/?s={search_term_string}\"},\"query-input\":\"required name=search_term_string\"}],\"inLanguage\":\"es\"}]}<\/script>\n<!-- \/ Yoast SEO plugin. -->","yoast_head_json":{"title":"BODAS EN PLAYA DEL CARMEN - Riviera Cancun Weddings","description":"Bodas en Playa del Carmen. En Riviera Cancun Weddings planificamos y organizamos la boda de destino de tus sue\u00f1os en Canc\u00fan y Riviera Maya.","robots":{"index":"index","follow":"follow","max-snippet":"max-snippet:-1","max-image-preview":"max-image-preview:large","max-video-preview":"max-video-preview:-1"},"canonical":"https:\/\/www.rivieracancunwedding.com\/es\/bodas-en-playa-del-carmen\/","og_locale":"es_MX","og_type":"article","og_title":"BODAS EN PLAYA DEL CARMEN - Riviera Cancun Weddings","og_description":"Bodas en Playa del Carmen. En Riviera Cancun Weddings planificamos y organizamos la boda de destino de tus sue\u00f1os en Canc\u00fan y Riviera Maya.","og_url":"https:\/\/www.rivieracancunwedding.com\/es\/bodas-en-playa-del-carmen\/","og_site_name":"Riviera Cancun Weddings","article_modified_time":"2023-07-14T21:49:38+00:00","og_image":[{"width":1024,"height":565,"url":"https:\/\/www.rivieracancunwedding.com\/es\/wp-content\/uploads\/2023\/07\/riviera-cancun-weddings-bodas-en-playa-del-carmen.jpg","type":"image\/jpeg"}],"twitter_card":"summary_large_image","twitter_misc":{"Tiempo de lectura":"2 minutos"},"schema":{"@context":"https:\/\/schema.org","@graph":[{"@type":"WebPage","@id":"https:\/\/www.rivieracancunwedding.com\/es\/bodas-en-playa-del-carmen\/","url":"https:\/\/www.rivieracancunwedding.com\/es\/bodas-en-playa-del-carmen\/","name":"BODAS EN PLAYA DEL CARMEN - Riviera Cancun Weddings","isPartOf":{"@id":"https:\/\/www.rivieracancunwedding.com\/es\/#website"},"datePublished":"2023-07-14T21:32:54+00:00","dateModified":"2023-07-14T21:49:38+00:00","description":"Bodas en Playa del Carmen. En Riviera Cancun Weddings planificamos y organizamos la boda de destino de tus sue\u00f1os en Canc\u00fan y Riviera Maya.","breadcrumb":{"@id":"https:\/\/www.rivieracancunwedding.com\/es\/bodas-en-playa-del-carmen\/#breadcrumb"},"inLanguage":"es","potentialAction":[{"@type":"ReadAction","target":["https:\/\/www.rivieracancunwedding.com\/es\/bodas-en-playa-del-carmen\/"]}]},{"@type":"BreadcrumbList","@id":"https:\/\/www.rivieracancunwedding.com\/es\/bodas-en-playa-del-carmen\/#breadcrumb","itemListElement":[{"@type":"ListItem","position":1,"name":"Riviera Cancun Weddings","item":"https:\/\/www.rivieracancunwedding.com\/es\/"},{"@type":"ListItem","position":2,"name":"BODAS EN PLAYA DEL CARMEN"}]},{"@type":"WebSite","@id":"https:\/\/www.rivieracancunwedding.com\/es\/#website","url":"https:\/\/www.rivieracancunwedding.com\/es\/","name":"Riviera Cancun Weddings","description":"Bodas en la playa","potentialAction":[{"@type":"SearchAction","target":{"@type":"EntryPoint","urlTemplate":"https:\/\/www.rivieracancunwedding.com\/es\/?s={search_term_string}"},"query-input":"required name=search_term_string"}],"inLanguage":"es"}]}},"_links":{"self":[{"href":"https:\/\/www.rivieracancunwedding.com\/es\/wp-json\/wp\/v2\/pages\/147","targetHints":{"allow":["GET"]}}],"collection":[{"href":"https:\/\/www.rivieracancunwedding.com\/es\/wp-json\/wp\/v2\/pages"}],"about":[{"href":"https:\/\/www.rivieracancunwedding.com\/es\/wp-json\/wp\/v2\/types\/page"}],"author":[{"embeddable":true,"href":"https:\/\/www.rivieracancunwedding.com\/es\/wp-json\/wp\/v2\/users\/1"}],"replies":[{"embeddable":true,"href":"https:\/\/www.rivieracancunwedding.com\/es\/wp-json\/wp\/v2\/comments?post=147"}],"version-history":[{"count":4,"href":"https:\/\/www.rivieracancunwedding.com\/es\/wp-json\/wp\/v2\/pages\/147\/revisions"}],"predecessor-version":[{"id":157,"href":"https:\/\/www.rivieracancunwedding.com\/es\/wp-json\/wp\/v2\/pages\/147\/revisions\/157"}],"wp:featuredmedia":[{"embeddable":true,"href":"https:\/\/www.rivieracancunwedding.com\/es\/wp-json\/wp\/v2\/media\/148"}],"wp:attachment":[{"href":"https:\/\/www.rivieracancunwedding.com\/es\/wp-json\/wp\/v2\/media?parent=147"}],"curies":[{"name":"wp","href":"https:\/\/api.w.org\/{rel}","templated":true}]}}