{"id":122,"date":"2023-07-04T15:58:45","date_gmt":"2023-07-04T15:58:45","guid":{"rendered":"https:\/\/www.rivieracancunwedding.com\/es\/?page_id=122"},"modified":"2023-07-04T15:58:45","modified_gmt":"2023-07-04T15:58:45","slug":"bodas-de-destino-en-cancun","status":"publish","type":"page","link":"https:\/\/www.rivieracancunwedding.com\/es\/bodas-de-destino-en-cancun\/","title":{"rendered":"BODAS DE DESTINO EN CANCUN"},"content":{"rendered":"<p><span style=\"font-weight: 400;\">\u00bfSue\u00f1as con una boda de destino perfecta? No busques m\u00e1s all\u00e1 de Canc\u00fan M\u00e9xico, con sus impresionantes playas, clima c\u00e1lido y una cultura vibrante. Canc\u00fan se ha convertido en la mejor opci\u00f3n para que las parejas que buscan una experiencia de boda memorable. En <\/span><a href=\"https:\/\/www.rivieracancunwedding.com\/es\/\"><b>Riviera Cancun Weddings<\/b><\/a><span style=\"font-weight: 400;\">, nos especializamos en crear bodas de destino en Canc\u00fan inolvidables que superen sus expectativas.<\/span><\/p>\n<p><img loading=\"lazy\" decoding=\"async\" class=\"alignnone size-full wp-image-123\" src=\"https:\/\/www.rivieracancunwedding.com\/es\/wp-content\/uploads\/2023\/07\/Weddings-at-the-beach-scaled-1.webp\" alt=\"\" width=\"2560\" height=\"1707\" srcset=\"https:\/\/www.rivieracancunwedding.com\/es\/wp-content\/uploads\/2023\/07\/Weddings-at-the-beach-scaled-1.webp 2560w, https:\/\/www.rivieracancunwedding.com\/es\/wp-content\/uploads\/2023\/07\/Weddings-at-the-beach-scaled-1-300x200.webp 300w, https:\/\/www.rivieracancunwedding.com\/es\/wp-content\/uploads\/2023\/07\/Weddings-at-the-beach-scaled-1-1024x683.webp 1024w, https:\/\/www.rivieracancunwedding.com\/es\/wp-content\/uploads\/2023\/07\/Weddings-at-the-beach-scaled-1-768x512.webp 768w, https:\/\/www.rivieracancunwedding.com\/es\/wp-content\/uploads\/2023\/07\/Weddings-at-the-beach-scaled-1-1536x1024.webp 1536w, https:\/\/www.rivieracancunwedding.com\/es\/wp-content\/uploads\/2023\/07\/Weddings-at-the-beach-scaled-1-2048x1366.webp 2048w, https:\/\/www.rivieracancunwedding.com\/es\/wp-content\/uploads\/2023\/07\/Weddings-at-the-beach-scaled-1-272x182.webp 272w\" sizes=\"auto, (max-width: 2560px) 100vw, 2560px\" \/><\/p>\n<p><span style=\"font-weight: 400;\">Canc\u00fan es un lugar predilecto entre las personas que se est\u00e1n preparando para su d\u00eda especial. Es una gran boda de destino para las parejas de todo el mundo. La Riviera Maya y Canc\u00fan son el hogar de impresionantes lugares con abundante naturaleza y resorts que superar\u00e1n las expectativas de todos cuando se trata de una boda de destino.<\/span><\/p>\n<p><span style=\"font-weight: 400;\">Las <\/span><b>Bodas de Destino en Canc\u00fan <\/b><span style=\"font-weight: 400;\">son la opci\u00f3n de tus sue\u00f1os para una boda de destino para quienes aman la playa y el Caribe Mexicano. Canc\u00fan est\u00e1 muy cerca de otras ciudades como Puerto Morelos, Playa del Carmen, Tulum y la Riviera May, \u00a1Excelentes opciones para elegir la locaci\u00f3n para tu boda.<\/span><\/p>\n<p><span style=\"font-weight: 400;\">Como principal destino para bodas en el Caribe, y en la Pen\u00ednsula de Yucat\u00e1n, Canc\u00fan y la Riviera Maya son los m\u00e1s conocidos por ofrecer las mejores locaciones en la playa.<\/span><b> Riviera Cancun Weddings<\/b><span style=\"font-weight: 400;\"> tiene las m\u00e1s ic\u00f3nicas vistas al oc\u00e9ano y a las playas con arenas blancas en el pa\u00eds.\u00a0<\/span><\/p>\n<h2><strong>\u00bfQu\u00e9 es una Boda de Destino?<\/strong><\/h2>\n<p><span style=\"font-weight: 400;\">Una boda de destino es una boda que se lleva a cabo en un lugar lejos de la ciudad natal o el pa\u00eds de la pareja. La pareja y sus invitados viajan a un destino en el cual podr\u00eda ser una playa, un resort, una ciudad extranjera o cualquier otro lugar que la pareja elija. Las Bodas de Destino a menudo involucran a un grupo de invitados m\u00e1s peque\u00f1o que las bodas tradicionales, y ellos pueden variar desde ceremonias peque\u00f1as a tener eventos de lujo elaborados. Algunas parejas eligen una boda de destino porque quieren combinar su boda con una locaci\u00f3n para su luna de miel. Otras parejas simplemente quieren una experiencia memorable y \u00fanica para su boda.<\/span><\/p>\n<h2><strong>Diferentes tipos de lugares para Bodas en Canc\u00fan<\/strong><\/h2>\n<p><img loading=\"lazy\" decoding=\"async\" class=\"alignnone size-full wp-image-124\" src=\"https:\/\/www.rivieracancunwedding.com\/es\/wp-content\/uploads\/2023\/07\/Viceroy-Wedding-Photography-001.jpg\" alt=\"\" width=\"2200\" height=\"1200\" srcset=\"https:\/\/www.rivieracancunwedding.com\/es\/wp-content\/uploads\/2023\/07\/Viceroy-Wedding-Photography-001.jpg 2200w, https:\/\/www.rivieracancunwedding.com\/es\/wp-content\/uploads\/2023\/07\/Viceroy-Wedding-Photography-001-300x164.jpg 300w, https:\/\/www.rivieracancunwedding.com\/es\/wp-content\/uploads\/2023\/07\/Viceroy-Wedding-Photography-001-1024x559.jpg 1024w, https:\/\/www.rivieracancunwedding.com\/es\/wp-content\/uploads\/2023\/07\/Viceroy-Wedding-Photography-001-768x419.jpg 768w, https:\/\/www.rivieracancunwedding.com\/es\/wp-content\/uploads\/2023\/07\/Viceroy-Wedding-Photography-001-1536x838.jpg 1536w, https:\/\/www.rivieracancunwedding.com\/es\/wp-content\/uploads\/2023\/07\/Viceroy-Wedding-Photography-001-2048x1117.jpg 2048w\" sizes=\"auto, (max-width: 2200px) 100vw, 2200px\" \/><\/p>\n<p><span style=\"font-weight: 400;\">Canc\u00fan cuenta con una amplia gama de locaciones para bodas, cada una con su propio encanto y estilo \u00fanico. Ya sea que prefieras una boda lujosa en un Resort o en una villa privada, Canc\u00fan tiene las locaciones perfectas que encajan con tu visi\u00f3n. Aqu\u00ed hay dos tipos de locaciones que debes considerar para tu boda en Canc\u00fan:<\/span><\/p>\n<ul>\n<li><b>Resorts All Inclusive<\/b><span style=\"font-weight: 400;\">: Canc\u00fan es reconocido por sus resorts todo incluido de clase mundial, del cual ofrece comodidades excepcionales, magn\u00edficas vistas al mar y servicios impecables. Estos Resorts por lo regular tienen coordinadores de bodas dedicados para garantizar que cada detalle de su d\u00eda especial se maneje con cuidado.<\/span><\/li>\n<li aria-level=\"1\"><b>Villas frente a la playa: <\/b><span style=\"font-weight: 400;\">Para una experiencia m\u00e1s \u00edntima y exclusiva, las Villas frente al mar ofrecen un servicio personalizado y privado. Estas propiedades de lujo ofrecen un acceso directo y privado a las playas, vistas impresionantes y espacios amplios tanto para su ceremonia como para la recepci\u00f3n.<\/span><\/li>\n<\/ul>\n<h2><strong>Destinos populares para Bodas en Canc\u00fan\u00a0<\/strong><\/h2>\n<p><span style=\"font-weight: 400;\">Canc\u00fan ofrece una gran cantidad de impresionantes destinos para bodas que se adaptan a diferentes tem\u00e1ticas y preferencias. Ya sea que te imagines una ceremonia \u00edntima en la playa o una lujosa celebraci\u00f3n, Canc\u00fan tiene algo para todos. Estos son algunas locaciones populares para bodas en Canc\u00fan:<\/span><\/p>\n<ul>\n<li style=\"font-weight: 400;\" aria-level=\"1\"><span style=\"font-weight: 400;\"><strong>Bodas en Playa del Carmen:<\/strong> Ubicado justo al sur de Canc\u00fan, Playa del Carmen es reconocido por sus playas pintorescas, aguas cristalinas y el vibrante centro de la ciudad. Intercambia votos con tus pies sobre la arena mientras disfrutas hermosas vistas al Mar Caribe.<\/span><\/li>\n<li style=\"font-weight: 400;\" aria-level=\"1\"><span style=\"font-weight: 400;\"><strong>Bodas en Puerto Morelos:<\/strong> Si deseas un ambiente m\u00e1s aislado y rom\u00e1ntico, ten en cuenta a Puerto Morelos. Este pueblo encantador entre Canc\u00fan y Puerto Morelos cuenta con playas v\u00edrgenes, aguas turquesas y ambiente relajado, perfecto para celebraci\u00f3n de bodas \u00edntimas.<\/span><\/li>\n<li style=\"font-weight: 400;\" aria-level=\"1\"><span style=\"font-weight: 400;\"><strong>Bodas en Tulum:<\/strong> Conocido por sus vibras bohemias y ruinas antiguas, Tulum ofrece un tel\u00f3n de fondo \u00fanico y encantador para tu boda de destino. Decir \u201cS\u00ed, acepto\u201d rodeado de la exuberante selva, Ruinas Mayas y la impresionante Costa Caribe\u00f1a.<\/span><\/li>\n<\/ul>\n<p><span style=\"font-weight: 400;\"><img loading=\"lazy\" decoding=\"async\" class=\"size-full wp-image-125 aligncenter\" src=\"https:\/\/www.rivieracancunwedding.com\/es\/wp-content\/uploads\/2023\/07\/weddings-at-amansala-resort-spa.webp\" alt=\"\" width=\"750\" height=\"503\" srcset=\"https:\/\/www.rivieracancunwedding.com\/es\/wp-content\/uploads\/2023\/07\/weddings-at-amansala-resort-spa.webp 750w, https:\/\/www.rivieracancunwedding.com\/es\/wp-content\/uploads\/2023\/07\/weddings-at-amansala-resort-spa-300x201.webp 300w, https:\/\/www.rivieracancunwedding.com\/es\/wp-content\/uploads\/2023\/07\/weddings-at-amansala-resort-spa-272x182.webp 272w\" sizes=\"auto, (max-width: 750px) 100vw, 750px\" \/><br \/>\n<\/span><\/p>\n<h2><strong>Ventajas de las Bodas en Canc\u00fan<\/strong><\/h2>\n<p><span style=\"font-weight: 400;\">Elige tener una Boda de Destino en Canc\u00fan tiene grandes ventajas que lo convierten en una opci\u00f3n perfecta para parejas que buscan una experiencia verdaderamente inolvidable. Estas son algunas ventajas para tener una Boda en Canc\u00fan:<\/span><\/p>\n<ul>\n<li style=\"font-weight: 400;\" aria-level=\"1\"><span style=\"font-weight: 400;\"><strong>Impresionante belleza natural:<\/strong> Canc\u00fan es reconocido por sus playas v\u00edrgenes con arenas blancas, aguas cristalinas e impresionantes puestas de sol ofreciendo hermosos escenarios de fondo para las fotograf\u00edas y recuerdos de tu boda que durar\u00e1n toda la vida.<\/span><\/li>\n<li style=\"font-weight: 400;\" aria-level=\"1\"><span style=\"font-weight: 400;\"><strong>Viajes Accesibles:<\/strong> Con su Aeropuerto Internacional rutas de vuelo bien conectadas, Canc\u00fan es bastante accesible para t\u00ed y para tus invitados. Este destino popular ofrece una amplia gama de vuelos desde varios lugares, por lo que es conveniente para todos unirse a la celebraci\u00f3n.<\/span><\/li>\n<li style=\"font-weight: 400;\" aria-level=\"1\"><span style=\"font-weight: 400;\"><strong>La abundancia de los Profesionales para Bodas:<\/strong> Canc\u00fan cuenta con una pr\u00f3spera industria con coordinadores para bodas experimentados, fot\u00f3grafos, floristas y otros profesionales que se especializan en crear bodas m\u00e1gicas. Con su experiencia, puedes relajarte y disfrutar de tu d\u00eda especial, conociendo cada uno de los detalles __<\/span><\/li>\n<li style=\"font-weight: 400;\" aria-level=\"1\"><span style=\"font-weight: 400;\"><strong>Entretenimiento y Cultura:<\/strong> M\u00e1s all\u00e1 de las festividades de las bodas, Canc\u00fan ofrece una ambiente vibrante y animado. Tus invitados pueden explorar la cocina local, disfrutar emocionantes actividades acu\u00e1ticas, visitar ruinas antiguas, o simplemente relajarte en una de las impresionantes playas. \u00a1Es una experiencia memorable para todos!<\/span><\/li>\n<\/ul>\n<h2><strong>Planifica tu Boda de Destino en Canc\u00fan<\/strong><\/h2>\n<p><span style=\"font-weight: 400;\">Con sus impresionantes bodas de destino, locaciones diversas y numerosas ventajas, Canc\u00fan es el lugar ideal para tu boda de destino de ensue\u00f1o. En <\/span><b>Riviera Cancun Weddings <\/b><span style=\"font-weight: 400;\">tenemos excelentes locaciones para bodas en Canc\u00fan y la Riviera Maya. Nuestra sede principal es Acamaya Weddings en Puerto Morelos. Cont\u00e1ctanos hoy para comenzar a planificar tu Boda de Destino en Canc\u00fan de ensue\u00f1o.\u00a0<\/span><\/p>\n<p><b>Telephone:<\/b><b><br \/>\n<\/b><span style=\"font-weight: 400;\">+52 998 1919026<\/span><\/p>\n<p><b>Email:<\/b><b><br \/>\n<\/b><span style=\"font-weight: 400;\">info@rivieracancunwedding.com<\/span><\/p>\n<p><b>Follow us: <\/b><a href=\"https:\/\/www.facebook.com\/rivieracancunweddings\"><span style=\"font-weight: 400;\">Facebook<\/span><\/a><span style=\"font-weight: 400;\"> \u2013 <\/span><a href=\"https:\/\/www.instagram.com\/rivieracancunweddings\/\"><span style=\"font-weight: 400;\">Instagram<\/span><\/a><\/p>\n<p>&nbsp;<\/p>\n","protected":false},"excerpt":{"rendered":"<p>\u00bfSue\u00f1as con una boda de destino perfecta? No busques m\u00e1s all\u00e1 de Canc\u00fan M\u00e9xico, con sus impresionantes playas, clima c\u00e1lido y una cultura vibrante. Canc\u00fan se ha convertido en la mejor opci\u00f3n para que las parejas que buscan una experiencia &hellip; <a href=\"https:\/\/www.rivieracancunwedding.com\/es\/bodas-de-destino-en-cancun\/\">Continued<\/a><\/p>\n","protected":false},"author":1,"featured_media":0,"parent":0,"menu_order":0,"comment_status":"closed","ping_status":"closed","template":"","meta":{"footnotes":""},"class_list":["post-122","page","type-page","status-publish","hentry"],"yoast_head":"<!-- This site is optimized with the Yoast SEO plugin v20.13 - https:\/\/yoast.com\/wordpress\/plugins\/seo\/ -->\n<title>BODAS DE DESTINO EN CANCUN - Riviera Cancun Weddings<\/title>\n<meta name=\"description\" content=\"Bodas de destino Cancun. Cancun es el destino perfecto para bodas. Disfruta de tu boda de destino en Cancun y Riviera Maya.\" \/>\n<meta name=\"robots\" content=\"index, follow, max-snippet:-1, max-image-preview:large, max-video-preview:-1\" \/>\n<link rel=\"canonical\" href=\"https:\/\/www.rivieracancunwedding.com\/es\/bodas-de-destino-en-cancun\/\" \/>\n<meta property=\"og:locale\" content=\"es_MX\" \/>\n<meta property=\"og:type\" content=\"article\" \/>\n<meta property=\"og:title\" content=\"BODAS DE DESTINO EN CANCUN - Riviera Cancun Weddings\" \/>\n<meta property=\"og:description\" content=\"Bodas de destino Cancun. Cancun es el destino perfecto para bodas. Disfruta de tu boda de destino en Cancun y Riviera Maya.\" \/>\n<meta property=\"og:url\" content=\"https:\/\/www.rivieracancunwedding.com\/es\/bodas-de-destino-en-cancun\/\" \/>\n<meta property=\"og:site_name\" content=\"Riviera Cancun Weddings\" \/>\n<meta property=\"og:image\" content=\"https:\/\/www.rivieracancunwedding.com\/es\/wp-content\/uploads\/2023\/07\/Weddings-at-the-beach-scaled-1.webp\" \/>\n<meta name=\"twitter:card\" content=\"summary_large_image\" \/>\n<meta name=\"twitter:label1\" content=\"Tiempo de lectura\" \/>\n\t<meta name=\"twitter:data1\" content=\"6 minutos\" \/>\n<script type=\"application\/ld+json\" class=\"yoast-schema-graph\">{\"@context\":\"https:\/\/schema.org\",\"@graph\":[{\"@type\":\"WebPage\",\"@id\":\"https:\/\/www.rivieracancunwedding.com\/es\/bodas-de-destino-en-cancun\/\",\"url\":\"https:\/\/www.rivieracancunwedding.com\/es\/bodas-de-destino-en-cancun\/\",\"name\":\"BODAS DE DESTINO EN CANCUN - Riviera Cancun Weddings\",\"isPartOf\":{\"@id\":\"https:\/\/www.rivieracancunwedding.com\/es\/#website\"},\"datePublished\":\"2023-07-04T15:58:45+00:00\",\"dateModified\":\"2023-07-04T15:58:45+00:00\",\"description\":\"Bodas de destino Cancun. Cancun es el destino perfecto para bodas. Disfruta de tu boda de destino en Cancun y Riviera Maya.\",\"breadcrumb\":{\"@id\":\"https:\/\/www.rivieracancunwedding.com\/es\/bodas-de-destino-en-cancun\/#breadcrumb\"},\"inLanguage\":\"es\",\"potentialAction\":[{\"@type\":\"ReadAction\",\"target\":[\"https:\/\/www.rivieracancunwedding.com\/es\/bodas-de-destino-en-cancun\/\"]}]},{\"@type\":\"BreadcrumbList\",\"@id\":\"https:\/\/www.rivieracancunwedding.com\/es\/bodas-de-destino-en-cancun\/#breadcrumb\",\"itemListElement\":[{\"@type\":\"ListItem\",\"position\":1,\"name\":\"Riviera Cancun Weddings\",\"item\":\"https:\/\/www.rivieracancunwedding.com\/es\/\"},{\"@type\":\"ListItem\",\"position\":2,\"name\":\"BODAS DE DESTINO EN CANCUN\"}]},{\"@type\":\"WebSite\",\"@id\":\"https:\/\/www.rivieracancunwedding.com\/es\/#website\",\"url\":\"https:\/\/www.rivieracancunwedding.com\/es\/\",\"name\":\"Riviera Cancun Weddings\",\"description\":\"Bodas en la playa\",\"potentialAction\":[{\"@type\":\"SearchAction\",\"target\":{\"@type\":\"EntryPoint\",\"urlTemplate\":\"https:\/\/www.rivieracancunwedding.com\/es\/?s={search_term_string}\"},\"query-input\":\"required name=search_term_string\"}],\"inLanguage\":\"es\"}]}<\/script>\n<!-- \/ Yoast SEO plugin. -->","yoast_head_json":{"title":"BODAS DE DESTINO EN CANCUN - Riviera Cancun Weddings","description":"Bodas de destino Cancun. Cancun es el destino perfecto para bodas. Disfruta de tu boda de destino en Cancun y Riviera Maya.","robots":{"index":"index","follow":"follow","max-snippet":"max-snippet:-1","max-image-preview":"max-image-preview:large","max-video-preview":"max-video-preview:-1"},"canonical":"https:\/\/www.rivieracancunwedding.com\/es\/bodas-de-destino-en-cancun\/","og_locale":"es_MX","og_type":"article","og_title":"BODAS DE DESTINO EN CANCUN - Riviera Cancun Weddings","og_description":"Bodas de destino Cancun. Cancun es el destino perfecto para bodas. Disfruta de tu boda de destino en Cancun y Riviera Maya.","og_url":"https:\/\/www.rivieracancunwedding.com\/es\/bodas-de-destino-en-cancun\/","og_site_name":"Riviera Cancun Weddings","og_image":[{"url":"https:\/\/www.rivieracancunwedding.com\/es\/wp-content\/uploads\/2023\/07\/Weddings-at-the-beach-scaled-1.webp"}],"twitter_card":"summary_large_image","twitter_misc":{"Tiempo de lectura":"6 minutos"},"schema":{"@context":"https:\/\/schema.org","@graph":[{"@type":"WebPage","@id":"https:\/\/www.rivieracancunwedding.com\/es\/bodas-de-destino-en-cancun\/","url":"https:\/\/www.rivieracancunwedding.com\/es\/bodas-de-destino-en-cancun\/","name":"BODAS DE DESTINO EN CANCUN - Riviera Cancun Weddings","isPartOf":{"@id":"https:\/\/www.rivieracancunwedding.com\/es\/#website"},"datePublished":"2023-07-04T15:58:45+00:00","dateModified":"2023-07-04T15:58:45+00:00","description":"Bodas de destino Cancun. Cancun es el destino perfecto para bodas. Disfruta de tu boda de destino en Cancun y Riviera Maya.","breadcrumb":{"@id":"https:\/\/www.rivieracancunwedding.com\/es\/bodas-de-destino-en-cancun\/#breadcrumb"},"inLanguage":"es","potentialAction":[{"@type":"ReadAction","target":["https:\/\/www.rivieracancunwedding.com\/es\/bodas-de-destino-en-cancun\/"]}]},{"@type":"BreadcrumbList","@id":"https:\/\/www.rivieracancunwedding.com\/es\/bodas-de-destino-en-cancun\/#breadcrumb","itemListElement":[{"@type":"ListItem","position":1,"name":"Riviera Cancun Weddings","item":"https:\/\/www.rivieracancunwedding.com\/es\/"},{"@type":"ListItem","position":2,"name":"BODAS DE DESTINO EN CANCUN"}]},{"@type":"WebSite","@id":"https:\/\/www.rivieracancunwedding.com\/es\/#website","url":"https:\/\/www.rivieracancunwedding.com\/es\/","name":"Riviera Cancun Weddings","description":"Bodas en la playa","potentialAction":[{"@type":"SearchAction","target":{"@type":"EntryPoint","urlTemplate":"https:\/\/www.rivieracancunwedding.com\/es\/?s={search_term_string}"},"query-input":"required name=search_term_string"}],"inLanguage":"es"}]}},"_links":{"self":[{"href":"https:\/\/www.rivieracancunwedding.com\/es\/wp-json\/wp\/v2\/pages\/122","targetHints":{"allow":["GET"]}}],"collection":[{"href":"https:\/\/www.rivieracancunwedding.com\/es\/wp-json\/wp\/v2\/pages"}],"about":[{"href":"https:\/\/www.rivieracancunwedding.com\/es\/wp-json\/wp\/v2\/types\/page"}],"author":[{"embeddable":true,"href":"https:\/\/www.rivieracancunwedding.com\/es\/wp-json\/wp\/v2\/users\/1"}],"replies":[{"embeddable":true,"href":"https:\/\/www.rivieracancunwedding.com\/es\/wp-json\/wp\/v2\/comments?post=122"}],"version-history":[{"count":1,"href":"https:\/\/www.rivieracancunwedding.com\/es\/wp-json\/wp\/v2\/pages\/122\/revisions"}],"predecessor-version":[{"id":126,"href":"https:\/\/www.rivieracancunwedding.com\/es\/wp-json\/wp\/v2\/pages\/122\/revisions\/126"}],"wp:attachment":[{"href":"https:\/\/www.rivieracancunwedding.com\/es\/wp-json\/wp\/v2\/media?parent=122"}],"curies":[{"name":"wp","href":"https:\/\/api.w.org\/{rel}","templated":true}]}}