{"id":118,"date":"2023-07-04T15:46:23","date_gmt":"2023-07-04T15:46:23","guid":{"rendered":"https:\/\/www.rivieracancunwedding.com\/es\/?page_id=118"},"modified":"2023-07-14T20:57:03","modified_gmt":"2023-07-14T20:57:03","slug":"bodas-en-cancun","status":"publish","type":"page","link":"https:\/\/www.rivieracancunwedding.com\/es\/bodas-en-cancun\/","title":{"rendered":"BODAS EN CANCUN"},"content":{"rendered":"<p><span style=\"font-weight: 400;\">Cuando se trata de locaciones para bodas en Canc\u00fan, hay muchas opciones. Encontrar la opci\u00f3n ideal para ti es diferente.\u00a0<\/span><\/p>\n<p><img loading=\"lazy\" decoding=\"async\" class=\"size-full wp-image-119 aligncenter\" src=\"https:\/\/www.rivieracancunwedding.com\/es\/wp-content\/uploads\/2023\/07\/BODA-PLAYA-1024x575-1.jpeg\" alt=\"\" width=\"1024\" height=\"575\" srcset=\"https:\/\/www.rivieracancunwedding.com\/es\/wp-content\/uploads\/2023\/07\/BODA-PLAYA-1024x575-1.jpeg 1024w, https:\/\/www.rivieracancunwedding.com\/es\/wp-content\/uploads\/2023\/07\/BODA-PLAYA-1024x575-1-300x168.jpeg 300w, https:\/\/www.rivieracancunwedding.com\/es\/wp-content\/uploads\/2023\/07\/BODA-PLAYA-1024x575-1-768x431.jpeg 768w\" sizes=\"auto, (max-width: 1024px) 100vw, 1024px\" \/><\/p>\n<p>&nbsp;<\/p>\n<p><span style=\"font-weight: 400;\">La ciudad de <\/span><b>Canc\u00fan<\/b><span style=\"font-weight: 400;\"> es uno de los destinos para bodas m\u00e1s populares en el mundo. Esto es gracias a sus hermosas playas, su clima tropical todo el a\u00f1o, sus vientos y su oferta hotelera.\u00a0<\/span><\/p>\n<p><span style=\"font-weight: 400;\">Las <\/span><b>Bodas en Canc\u00fan<\/b><span style=\"font-weight: 400;\"> son las m\u00e1s populares en el mundo, con unas hermosas vistas a las aguas turquesas y los hermosos cielos, algo que no puedes pedir de otros destinos.<\/span><\/p>\n<p><span style=\"font-weight: 400;\">Planear tu boda de destino en Canc\u00fan puede ser un poco estresante, pero si tu tienes a las personas correctas ayud\u00e1ndote, ser\u00e1 mucho m\u00e1s f\u00e1cil ya que los expertos ayudar\u00e1n a coordinar tu boda desde la A a la Z, flores, servicio de catering, alguna decoraci\u00f3n para bodas que te guste, luces, pista de baile, etc\u2026<\/span><\/p>\n<p><span style=\"font-weight: 400;\">Las bodas en Canc\u00fan pueden ser de todos los tipos, desde una boda sencilla pero bonita en la playa con pocos invitados hasta una fiesta elegante con todo lo que necesitas. Incluso, puedes tener una boda maya en Canc\u00fan, lo cual es bastante interesante. Puedes tener una boda\u00a0 Hind\u00fa con todo lo que so\u00f1aste.<\/span><\/p>\n<p><span style=\"font-weight: 400;\">El <\/span><a href=\"https:\/\/www.cancuniairport.com\/\"><span style=\"font-weight: 400;\">Aeropuerto Internacional de Canc\u00fan<\/span><\/a><span style=\"font-weight: 400;\"> es el m\u00e1s transitado en Latino Am\u00e9rica, por lo que no te ser\u00e1 dif\u00edcil encontrar vuelos desde cualquier lugar en el mundo a este destino. Adem\u00e1s, por ser una ciudad tur\u00edstica, ofrece numerosas opciones de alojamiento para ti y\u00a0 para tus invitados. Desde Hoteles All Inclusive hasta Airbnb.\u00a0<\/span><\/p>\n<p><span style=\"font-weight: 400;\">Estos factores hacen que la organizaci\u00f3n de una boda sea mucho m\u00e1s f\u00e1cil. Pero, \u00bfQu\u00e9 hay sobre la locaci\u00f3n?<\/span><\/p>\n<p>&nbsp;<\/p>\n<h3><b>Riviera Cancun Weddings<\/b><\/h3>\n<p><span style=\"font-weight: 400;\">Si est\u00e1s buscando el lugar ideal para casarte en la playa, lo has encontrado. En <strong>Riviera Cancun Weddings<\/strong> ofrecemos una de las mejores <a href=\"https:\/\/www.rivieracancunwedding.com\/es\/locaciones-para-bodas\/\">locaciones para bodas en Canc\u00fan<\/a>, \u00e1rea con las mejores vistas al oc\u00e9ano y una atm\u00f3sfera relajante t\u00edpica del Caribe.<\/span><\/p>\n<p><span style=\"font-weight: 400;\">Nuestra locaci\u00f3n tiene un amplio estacionamiento, una playa privada frente al mar y amenidades esenciales para hacer de tu d\u00eda especial un d\u00eda inolvidable.<\/span><\/p>\n<p><span style=\"font-weight: 400;\">Adem\u00e1s, \u00a1No tienes de qu\u00e9 preocuparte de nada! Tenemos un equipo de coordinadores para bodas con m\u00e1s de 10 a\u00f1os de experiencia. Nuestra misi\u00f3n es que los novios y sus invitados tengan un d\u00eda divertido sin tener que preocuparse.<\/span><\/p>\n<p><a href=\"https:\/\/www.rivieracancunwedding.com\/contac-us\/\"><span style=\"font-weight: 400;\">Cont\u00e1ctanos<\/span><\/a><span style=\"font-weight: 400;\"> v\u00eda Email: <\/span><span style=\"font-weight: 400;\">info@rivieracancunwedding.com<\/span><span style=\"font-weight: 400;\"> o v\u00eda WhatsApp <\/span><a href=\"https:\/\/api.whatsapp.com\/send?phone=529981919026\"><span style=\"font-weight: 400;\">+52 998 191 9026<\/span><\/a><span style=\"font-weight: 400;\"> y comienza a so\u00f1ar con tu boda de destino en la playa en las costas de la Riviera Maya.<\/span><\/p>\n<p><span style=\"font-weight: 400;\">\u00a1S\u00edguenos en nuestras redes sociales!<\/span><span style=\"font-weight: 400;\"><br \/>\n<\/span><a href=\"https:\/\/www.facebook.com\/acamayaweddings\"><b>Acamaya Weddings Facebook<\/b><\/a><span style=\"font-weight: 400;\"> \/ <\/span><a href=\"https:\/\/www.instagram.com\/acamayaweddings\/\"><b>Acamaya Weddings Instagram<\/b><\/a><\/p>\n","protected":false},"excerpt":{"rendered":"<p>Cuando se trata de locaciones para bodas en Canc\u00fan, hay muchas opciones. Encontrar la opci\u00f3n ideal para ti es diferente.\u00a0 &nbsp; La ciudad de Canc\u00fan es uno de los destinos para bodas m\u00e1s populares en el mundo. Esto es gracias &hellip; <a href=\"https:\/\/www.rivieracancunwedding.com\/es\/bodas-en-cancun\/\">Continued<\/a><\/p>\n","protected":false},"author":1,"featured_media":0,"parent":0,"menu_order":0,"comment_status":"closed","ping_status":"closed","template":"","meta":{"footnotes":""},"class_list":["post-118","page","type-page","status-publish","hentry"],"yoast_head":"<!-- This site is optimized with the Yoast SEO plugin v20.13 - https:\/\/yoast.com\/wordpress\/plugins\/seo\/ -->\n<title>BODAS EN CANCUN - Riviera Cancun Weddings<\/title>\n<meta name=\"description\" content=\"Bodas en Canc\u00fan. En Riviera Cancun Weddings planificamos y organizamos la boda de destino de tus sue\u00f1os en Canc\u00fan y Riviera Maya.\" \/>\n<meta name=\"robots\" content=\"index, follow, max-snippet:-1, max-image-preview:large, max-video-preview:-1\" \/>\n<link rel=\"canonical\" href=\"https:\/\/www.rivieracancunwedding.com\/es\/bodas-en-cancun\/\" \/>\n<meta property=\"og:locale\" content=\"es_MX\" \/>\n<meta property=\"og:type\" content=\"article\" \/>\n<meta property=\"og:title\" content=\"BODAS EN CANCUN - Riviera Cancun Weddings\" \/>\n<meta property=\"og:description\" content=\"Bodas en Canc\u00fan. En Riviera Cancun Weddings planificamos y organizamos la boda de destino de tus sue\u00f1os en Canc\u00fan y Riviera Maya.\" \/>\n<meta property=\"og:url\" content=\"https:\/\/www.rivieracancunwedding.com\/es\/bodas-en-cancun\/\" \/>\n<meta property=\"og:site_name\" content=\"Riviera Cancun Weddings\" \/>\n<meta property=\"article:modified_time\" content=\"2023-07-14T20:57:03+00:00\" \/>\n<meta property=\"og:image\" content=\"https:\/\/www.rivieracancunwedding.com\/es\/wp-content\/uploads\/2023\/07\/BODA-PLAYA-1024x575-1.jpeg\" \/>\n<meta name=\"twitter:card\" content=\"summary_large_image\" \/>\n<meta name=\"twitter:label1\" content=\"Tiempo de lectura\" \/>\n\t<meta name=\"twitter:data1\" content=\"3 minutos\" \/>\n<script type=\"application\/ld+json\" class=\"yoast-schema-graph\">{\"@context\":\"https:\/\/schema.org\",\"@graph\":[{\"@type\":\"WebPage\",\"@id\":\"https:\/\/www.rivieracancunwedding.com\/es\/bodas-en-cancun\/\",\"url\":\"https:\/\/www.rivieracancunwedding.com\/es\/bodas-en-cancun\/\",\"name\":\"BODAS EN CANCUN - Riviera Cancun Weddings\",\"isPartOf\":{\"@id\":\"https:\/\/www.rivieracancunwedding.com\/es\/#website\"},\"datePublished\":\"2023-07-04T15:46:23+00:00\",\"dateModified\":\"2023-07-14T20:57:03+00:00\",\"description\":\"Bodas en Canc\u00fan. En Riviera Cancun Weddings planificamos y organizamos la boda de destino de tus sue\u00f1os en Canc\u00fan y Riviera Maya.\",\"breadcrumb\":{\"@id\":\"https:\/\/www.rivieracancunwedding.com\/es\/bodas-en-cancun\/#breadcrumb\"},\"inLanguage\":\"es\",\"potentialAction\":[{\"@type\":\"ReadAction\",\"target\":[\"https:\/\/www.rivieracancunwedding.com\/es\/bodas-en-cancun\/\"]}]},{\"@type\":\"BreadcrumbList\",\"@id\":\"https:\/\/www.rivieracancunwedding.com\/es\/bodas-en-cancun\/#breadcrumb\",\"itemListElement\":[{\"@type\":\"ListItem\",\"position\":1,\"name\":\"Riviera Cancun Weddings\",\"item\":\"https:\/\/www.rivieracancunwedding.com\/es\/\"},{\"@type\":\"ListItem\",\"position\":2,\"name\":\"BODAS EN CANCUN\"}]},{\"@type\":\"WebSite\",\"@id\":\"https:\/\/www.rivieracancunwedding.com\/es\/#website\",\"url\":\"https:\/\/www.rivieracancunwedding.com\/es\/\",\"name\":\"Riviera Cancun Weddings\",\"description\":\"Bodas en la playa\",\"potentialAction\":[{\"@type\":\"SearchAction\",\"target\":{\"@type\":\"EntryPoint\",\"urlTemplate\":\"https:\/\/www.rivieracancunwedding.com\/es\/?s={search_term_string}\"},\"query-input\":\"required name=search_term_string\"}],\"inLanguage\":\"es\"}]}<\/script>\n<!-- \/ Yoast SEO plugin. -->","yoast_head_json":{"title":"BODAS EN CANCUN - Riviera Cancun Weddings","description":"Bodas en Canc\u00fan. En Riviera Cancun Weddings planificamos y organizamos la boda de destino de tus sue\u00f1os en Canc\u00fan y Riviera Maya.","robots":{"index":"index","follow":"follow","max-snippet":"max-snippet:-1","max-image-preview":"max-image-preview:large","max-video-preview":"max-video-preview:-1"},"canonical":"https:\/\/www.rivieracancunwedding.com\/es\/bodas-en-cancun\/","og_locale":"es_MX","og_type":"article","og_title":"BODAS EN CANCUN - Riviera Cancun Weddings","og_description":"Bodas en Canc\u00fan. En Riviera Cancun Weddings planificamos y organizamos la boda de destino de tus sue\u00f1os en Canc\u00fan y Riviera Maya.","og_url":"https:\/\/www.rivieracancunwedding.com\/es\/bodas-en-cancun\/","og_site_name":"Riviera Cancun Weddings","article_modified_time":"2023-07-14T20:57:03+00:00","og_image":[{"url":"https:\/\/www.rivieracancunwedding.com\/es\/wp-content\/uploads\/2023\/07\/BODA-PLAYA-1024x575-1.jpeg"}],"twitter_card":"summary_large_image","twitter_misc":{"Tiempo de lectura":"3 minutos"},"schema":{"@context":"https:\/\/schema.org","@graph":[{"@type":"WebPage","@id":"https:\/\/www.rivieracancunwedding.com\/es\/bodas-en-cancun\/","url":"https:\/\/www.rivieracancunwedding.com\/es\/bodas-en-cancun\/","name":"BODAS EN CANCUN - Riviera Cancun Weddings","isPartOf":{"@id":"https:\/\/www.rivieracancunwedding.com\/es\/#website"},"datePublished":"2023-07-04T15:46:23+00:00","dateModified":"2023-07-14T20:57:03+00:00","description":"Bodas en Canc\u00fan. En Riviera Cancun Weddings planificamos y organizamos la boda de destino de tus sue\u00f1os en Canc\u00fan y Riviera Maya.","breadcrumb":{"@id":"https:\/\/www.rivieracancunwedding.com\/es\/bodas-en-cancun\/#breadcrumb"},"inLanguage":"es","potentialAction":[{"@type":"ReadAction","target":["https:\/\/www.rivieracancunwedding.com\/es\/bodas-en-cancun\/"]}]},{"@type":"BreadcrumbList","@id":"https:\/\/www.rivieracancunwedding.com\/es\/bodas-en-cancun\/#breadcrumb","itemListElement":[{"@type":"ListItem","position":1,"name":"Riviera Cancun Weddings","item":"https:\/\/www.rivieracancunwedding.com\/es\/"},{"@type":"ListItem","position":2,"name":"BODAS EN CANCUN"}]},{"@type":"WebSite","@id":"https:\/\/www.rivieracancunwedding.com\/es\/#website","url":"https:\/\/www.rivieracancunwedding.com\/es\/","name":"Riviera Cancun Weddings","description":"Bodas en la playa","potentialAction":[{"@type":"SearchAction","target":{"@type":"EntryPoint","urlTemplate":"https:\/\/www.rivieracancunwedding.com\/es\/?s={search_term_string}"},"query-input":"required name=search_term_string"}],"inLanguage":"es"}]}},"_links":{"self":[{"href":"https:\/\/www.rivieracancunwedding.com\/es\/wp-json\/wp\/v2\/pages\/118","targetHints":{"allow":["GET"]}}],"collection":[{"href":"https:\/\/www.rivieracancunwedding.com\/es\/wp-json\/wp\/v2\/pages"}],"about":[{"href":"https:\/\/www.rivieracancunwedding.com\/es\/wp-json\/wp\/v2\/types\/page"}],"author":[{"embeddable":true,"href":"https:\/\/www.rivieracancunwedding.com\/es\/wp-json\/wp\/v2\/users\/1"}],"replies":[{"embeddable":true,"href":"https:\/\/www.rivieracancunwedding.com\/es\/wp-json\/wp\/v2\/comments?post=118"}],"version-history":[{"count":1,"href":"https:\/\/www.rivieracancunwedding.com\/es\/wp-json\/wp\/v2\/pages\/118\/revisions"}],"predecessor-version":[{"id":120,"href":"https:\/\/www.rivieracancunwedding.com\/es\/wp-json\/wp\/v2\/pages\/118\/revisions\/120"}],"wp:attachment":[{"href":"https:\/\/www.rivieracancunwedding.com\/es\/wp-json\/wp\/v2\/media?parent=118"}],"curies":[{"name":"wp","href":"https:\/\/api.w.org\/{rel}","templated":true}]}}